{"id":57,"date":"2026-02-12T07:00:51","date_gmt":"2026-02-12T06:00:51","guid":{"rendered":"http:\/\/gdzhtlu.cluster121.hosting.ovh.net\/?page_id=57"},"modified":"2026-02-13T15:07:20","modified_gmt":"2026-02-13T14:07:20","slug":"les-candidats","status":"publish","type":"page","link":"https:\/\/aigueperse2026.fr\/index.php\/les-candidats\/","title":{"rendered":"Les candidats"},"content":{"rendered":"\n<div class=\"wp-block-media-text is-stacked-on-mobile\" style=\"grid-template-columns:19% auto\"><figure class=\"wp-block-media-text__media\"><img loading=\"lazy\" decoding=\"async\" width=\"904\" height=\"1024\" src=\"http:\/\/gdzhtlu.cluster121.hosting.ovh.net\/wp-content\/uploads\/2025\/12\/logoAigueperse-904x1024.jpg\" alt=\"\" class=\"wp-image-8 size-full\" srcset=\"https:\/\/aigueperse2026.fr\/wp-content\/uploads\/2025\/12\/logoAigueperse-904x1024.jpg 904w, https:\/\/aigueperse2026.fr\/wp-content\/uploads\/2025\/12\/logoAigueperse-265x300.jpg 265w, https:\/\/aigueperse2026.fr\/wp-content\/uploads\/2025\/12\/logoAigueperse-768x870.jpg 768w, https:\/\/aigueperse2026.fr\/wp-content\/uploads\/2025\/12\/logoAigueperse.jpg 960w\" sizes=\"auto, (max-width: 904px) 100vw, 904px\" \/><\/figure><div class=\"wp-block-media-text__content\">\n<p>Liste des candidats par ordre alphab\u00e9tique en alternant homme \/ femme<br>Cliquer sur le nom pour avoir acc\u00e8s \u00e0 sa pr\u00e9sentation<\/p>\n<\/div><\/div>\n\n\n\n<div class=\"wp-block-group is-layout-grid wp-container-core-group-is-layout-cdb28de3 wp-block-group-is-layout-grid\">\n<div class=\"wp-block-media-text is-stacked-on-mobile wp-container-content-6ee8e4bf\"><figure class=\"wp-block-media-text__media\"><img loading=\"lazy\" decoding=\"async\" width=\"768\" height=\"1024\" src=\"https:\/\/aigueperse2026.fr\/wp-content\/uploads\/2026\/02\/Christophe-Clemente-2-768x1024.jpeg\" alt=\"\" class=\"wp-image-343 size-full\" srcset=\"https:\/\/aigueperse2026.fr\/wp-content\/uploads\/2026\/02\/Christophe-Clemente-2-768x1024.jpeg 768w, https:\/\/aigueperse2026.fr\/wp-content\/uploads\/2026\/02\/Christophe-Clemente-2-225x300.jpeg 225w, https:\/\/aigueperse2026.fr\/wp-content\/uploads\/2026\/02\/Christophe-Clemente-2-1152x1536.jpeg 1152w, https:\/\/aigueperse2026.fr\/wp-content\/uploads\/2026\/02\/Christophe-Clemente-2-1536x2048.jpeg 1536w, https:\/\/aigueperse2026.fr\/wp-content\/uploads\/2026\/02\/Christophe-Clemente-2-scaled.jpeg 1920w\" sizes=\"auto, (max-width: 768px) 100vw, 768px\" \/><\/figure><div class=\"wp-block-media-text__content\">\n<p><a href=\"\/index.php\/christophe-clemente-2\">Christophe Cl\u00e9mente<\/a><\/p>\n<\/div><\/div>\n\n\n\n<div class=\"wp-block-media-text is-stacked-on-mobile\"><figure class=\"wp-block-media-text__media\"><img loading=\"lazy\" decoding=\"async\" width=\"874\" height=\"1024\" src=\"https:\/\/aigueperse2026.fr\/wp-content\/uploads\/2026\/01\/Alice-ALCACER-OK-874x1024.jpeg\" alt=\"\" class=\"wp-image-239 size-full\" srcset=\"https:\/\/aigueperse2026.fr\/wp-content\/uploads\/2026\/01\/Alice-ALCACER-OK-874x1024.jpeg 874w, https:\/\/aigueperse2026.fr\/wp-content\/uploads\/2026\/01\/Alice-ALCACER-OK-256x300.jpeg 256w, https:\/\/aigueperse2026.fr\/wp-content\/uploads\/2026\/01\/Alice-ALCACER-OK-768x900.jpeg 768w, https:\/\/aigueperse2026.fr\/wp-content\/uploads\/2026\/01\/Alice-ALCACER-OK-1311x1536.jpeg 1311w, https:\/\/aigueperse2026.fr\/wp-content\/uploads\/2026\/01\/Alice-ALCACER-OK.jpeg 1589w\" sizes=\"auto, (max-width: 874px) 100vw, 874px\" \/><\/figure><div class=\"wp-block-media-text__content\">\n<p><a href=\"\/index.php\/alice-alcacer\">Alice Alcacer<\/a><\/p>\n<\/div><\/div>\n\n\n\n<div class=\"wp-block-media-text is-stacked-on-mobile\"><figure class=\"wp-block-media-text__media\"><img loading=\"lazy\" decoding=\"async\" width=\"819\" height=\"1024\" src=\"https:\/\/aigueperse2026.fr\/wp-content\/uploads\/2026\/01\/Eric-BOVICS-819x1024.jpeg\" alt=\"\" class=\"wp-image-150 size-full\" srcset=\"https:\/\/aigueperse2026.fr\/wp-content\/uploads\/2026\/01\/Eric-BOVICS-819x1024.jpeg 819w, https:\/\/aigueperse2026.fr\/wp-content\/uploads\/2026\/01\/Eric-BOVICS-240x300.jpeg 240w, https:\/\/aigueperse2026.fr\/wp-content\/uploads\/2026\/01\/Eric-BOVICS-768x960.jpeg 768w, https:\/\/aigueperse2026.fr\/wp-content\/uploads\/2026\/01\/Eric-BOVICS-1229x1536.jpeg 1229w, https:\/\/aigueperse2026.fr\/wp-content\/uploads\/2026\/01\/Eric-BOVICS.jpeg 1536w\" sizes=\"auto, (max-width: 819px) 100vw, 819px\" \/><\/figure><div class=\"wp-block-media-text__content\">\n<p><a href=\"\/index.php\/eric-bovics-2\">Eric Bovics<\/a><\/p>\n<\/div><\/div>\n\n\n\n<div class=\"wp-block-media-text is-stacked-on-mobile\"><figure class=\"wp-block-media-text__media\"><img loading=\"lazy\" decoding=\"async\" width=\"768\" height=\"1024\" src=\"https:\/\/aigueperse2026.fr\/wp-content\/uploads\/2026\/01\/Julie-APARICIO-768x1024.jpeg\" alt=\"\" class=\"wp-image-179 size-full\" srcset=\"https:\/\/aigueperse2026.fr\/wp-content\/uploads\/2026\/01\/Julie-APARICIO-768x1024.jpeg 768w, https:\/\/aigueperse2026.fr\/wp-content\/uploads\/2026\/01\/Julie-APARICIO-225x300.jpeg 225w, https:\/\/aigueperse2026.fr\/wp-content\/uploads\/2026\/01\/Julie-APARICIO-1152x1536.jpeg 1152w, https:\/\/aigueperse2026.fr\/wp-content\/uploads\/2026\/01\/Julie-APARICIO.jpeg 1536w\" sizes=\"auto, (max-width: 768px) 100vw, 768px\" \/><\/figure><div class=\"wp-block-media-text__content\">\n<p><a href=\"\/index.php\/julie-aparicio-2\">Julie Aparicio<\/a><\/p>\n<\/div><\/div>\n\n\n\n<div class=\"wp-block-media-text is-stacked-on-mobile\"><figure class=\"wp-block-media-text__media\"><img loading=\"lazy\" decoding=\"async\" width=\"768\" height=\"1024\" src=\"https:\/\/aigueperse2026.fr\/wp-content\/uploads\/2026\/01\/Nicolas-BRUN-768x1024.jpeg\" alt=\"\" class=\"wp-image-181 size-full\" srcset=\"https:\/\/aigueperse2026.fr\/wp-content\/uploads\/2026\/01\/Nicolas-BRUN-768x1024.jpeg 768w, https:\/\/aigueperse2026.fr\/wp-content\/uploads\/2026\/01\/Nicolas-BRUN-225x300.jpeg 225w, https:\/\/aigueperse2026.fr\/wp-content\/uploads\/2026\/01\/Nicolas-BRUN-1152x1536.jpeg 1152w, https:\/\/aigueperse2026.fr\/wp-content\/uploads\/2026\/01\/Nicolas-BRUN.jpeg 1536w\" sizes=\"auto, (max-width: 768px) 100vw, 768px\" \/><\/figure><div class=\"wp-block-media-text__content\">\n<p><a href=\"\/index.php\/nicolas-brun-2\">Nicolas Brun<\/a><\/p>\n<\/div><\/div>\n\n\n\n<div class=\"wp-block-media-text is-stacked-on-mobile\"><figure class=\"wp-block-media-text__media\"><img loading=\"lazy\" decoding=\"async\" width=\"768\" height=\"1024\" src=\"https:\/\/aigueperse2026.fr\/wp-content\/uploads\/2026\/01\/Celine-BECERRA-768x1024.jpeg\" alt=\"\" class=\"wp-image-187 size-full\" srcset=\"https:\/\/aigueperse2026.fr\/wp-content\/uploads\/2026\/01\/Celine-BECERRA-768x1024.jpeg 768w, https:\/\/aigueperse2026.fr\/wp-content\/uploads\/2026\/01\/Celine-BECERRA-225x300.jpeg 225w, https:\/\/aigueperse2026.fr\/wp-content\/uploads\/2026\/01\/Celine-BECERRA-1152x1536.jpeg 1152w, https:\/\/aigueperse2026.fr\/wp-content\/uploads\/2026\/01\/Celine-BECERRA-1536x2048.jpeg 1536w, https:\/\/aigueperse2026.fr\/wp-content\/uploads\/2026\/01\/Celine-BECERRA-scaled.jpeg 1920w\" sizes=\"auto, (max-width: 768px) 100vw, 768px\" \/><\/figure><div class=\"wp-block-media-text__content\">\n<p><a href=\"https:\/\/aigueperse2026.fr\/index.php\/celine-becerra-racero\/\" data-type=\"page\" data-id=\"238\">C\u00e9line BECERRA-RACERO<\/a><\/p>\n<\/div><\/div>\n\n\n\n<div class=\"wp-block-media-text is-stacked-on-mobile\"><figure class=\"wp-block-media-text__media\"><img loading=\"lazy\" decoding=\"async\" width=\"768\" height=\"1024\" src=\"https:\/\/aigueperse2026.fr\/wp-content\/uploads\/2026\/01\/Fabien-BRUN-768x1024.jpeg\" alt=\"\" class=\"wp-image-190 size-full\" srcset=\"https:\/\/aigueperse2026.fr\/wp-content\/uploads\/2026\/01\/Fabien-BRUN-768x1024.jpeg 768w, https:\/\/aigueperse2026.fr\/wp-content\/uploads\/2026\/01\/Fabien-BRUN-225x300.jpeg 225w, https:\/\/aigueperse2026.fr\/wp-content\/uploads\/2026\/01\/Fabien-BRUN-1152x1536.jpeg 1152w, https:\/\/aigueperse2026.fr\/wp-content\/uploads\/2026\/01\/Fabien-BRUN.jpeg 1536w\" sizes=\"auto, (max-width: 768px) 100vw, 768px\" \/><\/figure><div class=\"wp-block-media-text__content\">\n<p><a href=\"https:\/\/aigueperse2026.fr\/index.php\/fabien-brun-dutrieux\" data-type=\"page\" data-id=\"238\">Fabien Dutrieux<\/a><\/p>\n<\/div><\/div>\n\n\n\n<div class=\"wp-block-media-text is-stacked-on-mobile\"><figure class=\"wp-block-media-text__media\"><img loading=\"lazy\" decoding=\"async\" width=\"768\" height=\"1024\" src=\"https:\/\/aigueperse2026.fr\/wp-content\/uploads\/2026\/01\/Aline-BESSON-768x1024.jpeg\" alt=\"\" class=\"wp-image-184 size-full\" srcset=\"https:\/\/aigueperse2026.fr\/wp-content\/uploads\/2026\/01\/Aline-BESSON-768x1024.jpeg 768w, https:\/\/aigueperse2026.fr\/wp-content\/uploads\/2026\/01\/Aline-BESSON-225x300.jpeg 225w, https:\/\/aigueperse2026.fr\/wp-content\/uploads\/2026\/01\/Aline-BESSON-1152x1536.jpeg 1152w, https:\/\/aigueperse2026.fr\/wp-content\/uploads\/2026\/01\/Aline-BESSON.jpeg 1536w\" sizes=\"auto, (max-width: 768px) 100vw, 768px\" \/><\/figure><div class=\"wp-block-media-text__content\">\n<p><a href=\"https:\/\/aigueperse2026.fr\/index.php\/aline-besson-2\/\" data-type=\"page\" data-id=\"238\">Aline Besson<\/a><\/p>\n<\/div><\/div>\n\n\n\n<div class=\"wp-block-media-text is-stacked-on-mobile\"><figure class=\"wp-block-media-text__media\"><img loading=\"lazy\" decoding=\"async\" width=\"768\" height=\"1024\" src=\"https:\/\/aigueperse2026.fr\/wp-content\/uploads\/2026\/01\/Thomas-CAMUS-768x1024.jpeg\" alt=\"\" class=\"wp-image-183 size-full\" srcset=\"https:\/\/aigueperse2026.fr\/wp-content\/uploads\/2026\/01\/Thomas-CAMUS-768x1024.jpeg 768w, https:\/\/aigueperse2026.fr\/wp-content\/uploads\/2026\/01\/Thomas-CAMUS-225x300.jpeg 225w, https:\/\/aigueperse2026.fr\/wp-content\/uploads\/2026\/01\/Thomas-CAMUS-1152x1536.jpeg 1152w, https:\/\/aigueperse2026.fr\/wp-content\/uploads\/2026\/01\/Thomas-CAMUS-1536x2048.jpeg 1536w, https:\/\/aigueperse2026.fr\/wp-content\/uploads\/2026\/01\/Thomas-CAMUS-scaled.jpeg 1920w\" sizes=\"auto, (max-width: 768px) 100vw, 768px\" \/><\/figure><div class=\"wp-block-media-text__content\">\n<p><a href=\"https:\/\/aigueperse2026.fr\/index.php\/thomas-camus-2\" data-type=\"page\" data-id=\"238\">Thomas Camus<\/a><\/p>\n<\/div><\/div>\n\n\n\n<div class=\"wp-block-media-text is-stacked-on-mobile\"><figure class=\"wp-block-media-text__media\"><img loading=\"lazy\" decoding=\"async\" width=\"763\" height=\"1024\" src=\"https:\/\/aigueperse2026.fr\/wp-content\/uploads\/2026\/01\/Helene-FEAT-VD-763x1024.jpeg\" alt=\"\" class=\"wp-image-288 size-full\" srcset=\"https:\/\/aigueperse2026.fr\/wp-content\/uploads\/2026\/01\/Helene-FEAT-VD-763x1024.jpeg 763w, https:\/\/aigueperse2026.fr\/wp-content\/uploads\/2026\/01\/Helene-FEAT-VD-223x300.jpeg 223w, https:\/\/aigueperse2026.fr\/wp-content\/uploads\/2026\/01\/Helene-FEAT-VD-768x1031.jpeg 768w, https:\/\/aigueperse2026.fr\/wp-content\/uploads\/2026\/01\/Helene-FEAT-VD-1144x1536.jpeg 1144w, https:\/\/aigueperse2026.fr\/wp-content\/uploads\/2026\/01\/Helene-FEAT-VD-1525x2048.jpeg 1525w, https:\/\/aigueperse2026.fr\/wp-content\/uploads\/2026\/01\/Helene-FEAT-VD-scaled.jpeg 1907w\" sizes=\"auto, (max-width: 763px) 100vw, 763px\" \/><\/figure><div class=\"wp-block-media-text__content\">\n<p><a href=\"https:\/\/aigueperse2026.fr\/index.php\/helene-feat\" data-type=\"page\" data-id=\"238\">H\u00e9l\u00e8ne Feat<\/a><\/p>\n<\/div><\/div>\n\n\n\n<div class=\"wp-block-media-text is-stacked-on-mobile\"><figure class=\"wp-block-media-text__media\"><img loading=\"lazy\" decoding=\"async\" width=\"770\" height=\"1024\" src=\"https:\/\/aigueperse2026.fr\/wp-content\/uploads\/2026\/01\/Ludovic-COTTE-770x1024.jpeg\" alt=\"\" class=\"wp-image-244 size-full\" srcset=\"https:\/\/aigueperse2026.fr\/wp-content\/uploads\/2026\/01\/Ludovic-COTTE-770x1024.jpeg 770w, https:\/\/aigueperse2026.fr\/wp-content\/uploads\/2026\/01\/Ludovic-COTTE-225x300.jpeg 225w, https:\/\/aigueperse2026.fr\/wp-content\/uploads\/2026\/01\/Ludovic-COTTE-768x1022.jpeg 768w, https:\/\/aigueperse2026.fr\/wp-content\/uploads\/2026\/01\/Ludovic-COTTE-1154x1536.jpeg 1154w, https:\/\/aigueperse2026.fr\/wp-content\/uploads\/2026\/01\/Ludovic-COTTE.jpeg 1536w\" sizes=\"auto, (max-width: 770px) 100vw, 770px\" \/><\/figure><div class=\"wp-block-media-text__content\">\n<p><a href=\"https:\/\/aigueperse2026.fr\/index.php\/ludovic-cotte-2\" data-type=\"page\" data-id=\"238\">Ludovic Cotte<\/a><\/p>\n<\/div><\/div>\n\n\n\n<div class=\"wp-block-media-text is-stacked-on-mobile\"><figure class=\"wp-block-media-text__media\"><img loading=\"lazy\" decoding=\"async\" width=\"714\" height=\"1024\" src=\"https:\/\/aigueperse2026.fr\/wp-content\/uploads\/2026\/01\/Nadia-FERNANDES-714x1024.jpg\" alt=\"\" class=\"wp-image-180 size-full\" srcset=\"https:\/\/aigueperse2026.fr\/wp-content\/uploads\/2026\/01\/Nadia-FERNANDES-714x1024.jpg 714w, https:\/\/aigueperse2026.fr\/wp-content\/uploads\/2026\/01\/Nadia-FERNANDES-209x300.jpg 209w, https:\/\/aigueperse2026.fr\/wp-content\/uploads\/2026\/01\/Nadia-FERNANDES-768x1101.jpg 768w, https:\/\/aigueperse2026.fr\/wp-content\/uploads\/2026\/01\/Nadia-FERNANDES-1071x1536.jpg 1071w, https:\/\/aigueperse2026.fr\/wp-content\/uploads\/2026\/01\/Nadia-FERNANDES-1428x2048.jpg 1428w, https:\/\/aigueperse2026.fr\/wp-content\/uploads\/2026\/01\/Nadia-FERNANDES-scaled.jpg 1785w\" sizes=\"auto, (max-width: 714px) 100vw, 714px\" \/><\/figure><div class=\"wp-block-media-text__content\">\n<p><a href=\"https:\/\/aigueperse2026.fr\/index.php\/nadia-fernandes-2\/\" data-type=\"page\" data-id=\"238\">Nadia Fernandes<\/a><\/p>\n<\/div><\/div>\n\n\n\n<div class=\"wp-block-media-text is-stacked-on-mobile\"><figure class=\"wp-block-media-text__media\"><img loading=\"lazy\" decoding=\"async\" width=\"768\" height=\"1024\" src=\"https:\/\/aigueperse2026.fr\/wp-content\/uploads\/2026\/01\/Joel-DRUET-768x1024.jpeg\" alt=\"\" class=\"wp-image-178 size-full\" srcset=\"https:\/\/aigueperse2026.fr\/wp-content\/uploads\/2026\/01\/Joel-DRUET-768x1024.jpeg 768w, https:\/\/aigueperse2026.fr\/wp-content\/uploads\/2026\/01\/Joel-DRUET-225x300.jpeg 225w, https:\/\/aigueperse2026.fr\/wp-content\/uploads\/2026\/01\/Joel-DRUET-1152x1536.jpeg 1152w, https:\/\/aigueperse2026.fr\/wp-content\/uploads\/2026\/01\/Joel-DRUET.jpeg 1536w\" sizes=\"auto, (max-width: 768px) 100vw, 768px\" \/><\/figure><div class=\"wp-block-media-text__content\">\n<p><a href=\"https:\/\/aigueperse2026.fr\/index.php\/druet-joel\/\" data-type=\"page\" data-id=\"238\">Jo\u00ebl Druet<\/a><\/p>\n<\/div><\/div>\n\n\n\n<div class=\"wp-block-media-text is-stacked-on-mobile\"><figure class=\"wp-block-media-text__media\"><img loading=\"lazy\" decoding=\"async\" width=\"768\" height=\"1024\" src=\"https:\/\/aigueperse2026.fr\/wp-content\/uploads\/2026\/01\/Stephanie-FRANCHISSEUR-768x1024.jpeg\" alt=\"\" class=\"wp-image-182 size-full\" srcset=\"https:\/\/aigueperse2026.fr\/wp-content\/uploads\/2026\/01\/Stephanie-FRANCHISSEUR-768x1024.jpeg 768w, https:\/\/aigueperse2026.fr\/wp-content\/uploads\/2026\/01\/Stephanie-FRANCHISSEUR-225x300.jpeg 225w, https:\/\/aigueperse2026.fr\/wp-content\/uploads\/2026\/01\/Stephanie-FRANCHISSEUR-1152x1536.jpeg 1152w, https:\/\/aigueperse2026.fr\/wp-content\/uploads\/2026\/01\/Stephanie-FRANCHISSEUR.jpeg 1536w\" sizes=\"auto, (max-width: 768px) 100vw, 768px\" \/><\/figure><div class=\"wp-block-media-text__content\">\n<p><a href=\"https:\/\/aigueperse2026.fr\/index.php\/stephanie-franchisseur-breuil\/\" data-type=\"page\" data-id=\"238\"><\/a><a href=\"https:\/\/aigueperse2026.fr\/index.php\/stephanie-franchisseur-breuil\/\">St\u00e9phanie FRANCHISSEUR-BREUIL<\/a><\/p>\n<\/div><\/div>\n\n\n\n<div class=\"wp-block-media-text is-stacked-on-mobile\"><figure class=\"wp-block-media-text__media\"><img loading=\"lazy\" decoding=\"async\" width=\"768\" height=\"1024\" src=\"https:\/\/aigueperse2026.fr\/wp-content\/uploads\/2026\/01\/Stephane-JAMON-768x1024.jpg\" alt=\"\" class=\"wp-image-259 size-full\" srcset=\"https:\/\/aigueperse2026.fr\/wp-content\/uploads\/2026\/01\/Stephane-JAMON-768x1024.jpg 768w, https:\/\/aigueperse2026.fr\/wp-content\/uploads\/2026\/01\/Stephane-JAMON-225x300.jpg 225w, https:\/\/aigueperse2026.fr\/wp-content\/uploads\/2026\/01\/Stephane-JAMON.jpg 1080w\" sizes=\"auto, (max-width: 768px) 100vw, 768px\" \/><\/figure><div class=\"wp-block-media-text__content\">\n<p><a href=\"https:\/\/aigueperse2026.fr\/index.php\/stephane-jamon-2\/\">St\u00e9phane Jamon<\/a><\/p>\n<\/div><\/div>\n\n\n\n<div class=\"wp-block-media-text is-stacked-on-mobile\"><figure class=\"wp-block-media-text__media\"><img loading=\"lazy\" decoding=\"async\" width=\"768\" height=\"1024\" src=\"https:\/\/aigueperse2026.fr\/wp-content\/uploads\/2026\/01\/Edith-MARCHAL-768x1024.jpeg\" alt=\"\" class=\"wp-image-189 size-full\" srcset=\"https:\/\/aigueperse2026.fr\/wp-content\/uploads\/2026\/01\/Edith-MARCHAL-768x1024.jpeg 768w, https:\/\/aigueperse2026.fr\/wp-content\/uploads\/2026\/01\/Edith-MARCHAL-225x300.jpeg 225w, https:\/\/aigueperse2026.fr\/wp-content\/uploads\/2026\/01\/Edith-MARCHAL-1152x1536.jpeg 1152w, https:\/\/aigueperse2026.fr\/wp-content\/uploads\/2026\/01\/Edith-MARCHAL.jpeg 1536w\" sizes=\"auto, (max-width: 768px) 100vw, 768px\" \/><\/figure><div class=\"wp-block-media-text__content\">\n<p><a href=\"https:\/\/aigueperse2026.fr\/index.php\/edith-marchal-2\/\">Edith MARCHAL<\/a><\/p>\n<\/div><\/div>\n\n\n\n<div class=\"wp-block-media-text is-stacked-on-mobile\"><figure class=\"wp-block-media-text__media\"><img loading=\"lazy\" decoding=\"async\" width=\"768\" height=\"1024\" src=\"https:\/\/aigueperse2026.fr\/wp-content\/uploads\/2026\/01\/Guy-LERY-768x1024.jpeg\" alt=\"\" class=\"wp-image-191 size-full\" srcset=\"https:\/\/aigueperse2026.fr\/wp-content\/uploads\/2026\/01\/Guy-LERY-768x1024.jpeg 768w, https:\/\/aigueperse2026.fr\/wp-content\/uploads\/2026\/01\/Guy-LERY-225x300.jpeg 225w, https:\/\/aigueperse2026.fr\/wp-content\/uploads\/2026\/01\/Guy-LERY-1152x1536.jpeg 1152w, https:\/\/aigueperse2026.fr\/wp-content\/uploads\/2026\/01\/Guy-LERY-1536x2048.jpeg 1536w, https:\/\/aigueperse2026.fr\/wp-content\/uploads\/2026\/01\/Guy-LERY-scaled.jpeg 1920w\" sizes=\"auto, (max-width: 768px) 100vw, 768px\" \/><\/figure><div class=\"wp-block-media-text__content\">\n<p><a href=\"https:\/\/aigueperse2026.fr\/index.php\/guy-lery-2\/\">Guy Lery<\/a><\/p>\n<\/div><\/div>\n\n\n\n<div class=\"wp-block-media-text is-stacked-on-mobile\"><figure class=\"wp-block-media-text__media\"><img loading=\"lazy\" decoding=\"async\" width=\"709\" height=\"1024\" src=\"https:\/\/aigueperse2026.fr\/wp-content\/uploads\/2026\/01\/Beatrice-MAUBERT-709x1024.jpg\" alt=\"\" class=\"wp-image-275 size-full\" srcset=\"https:\/\/aigueperse2026.fr\/wp-content\/uploads\/2026\/01\/Beatrice-MAUBERT-709x1024.jpg 709w, https:\/\/aigueperse2026.fr\/wp-content\/uploads\/2026\/01\/Beatrice-MAUBERT-208x300.jpg 208w, https:\/\/aigueperse2026.fr\/wp-content\/uploads\/2026\/01\/Beatrice-MAUBERT-768x1109.jpg 768w, https:\/\/aigueperse2026.fr\/wp-content\/uploads\/2026\/01\/Beatrice-MAUBERT.jpg 912w\" sizes=\"auto, (max-width: 709px) 100vw, 709px\" \/><\/figure><div class=\"wp-block-media-text__content\">\n<p><a href=\"https:\/\/aigueperse2026.fr\/index.php\/beatrice-maubert\/\" data-type=\"link\" data-id=\"https:\/\/aigueperse2026.fr\/index.php\/beatrice-maubert\/\">B\u00e9atrice Maubert<\/a><\/p>\n<\/div><\/div>\n\n\n\n<div class=\"wp-block-media-text is-stacked-on-mobile\"><figure class=\"wp-block-media-text__media\"><img loading=\"lazy\" decoding=\"async\" width=\"683\" height=\"1024\" src=\"https:\/\/aigueperse2026.fr\/wp-content\/uploads\/2026\/01\/Arthur-MASSE-683x1024.jpeg\" alt=\"\" class=\"wp-image-185 size-full\" srcset=\"https:\/\/aigueperse2026.fr\/wp-content\/uploads\/2026\/01\/Arthur-MASSE-683x1024.jpeg 683w, https:\/\/aigueperse2026.fr\/wp-content\/uploads\/2026\/01\/Arthur-MASSE-200x300.jpeg 200w, https:\/\/aigueperse2026.fr\/wp-content\/uploads\/2026\/01\/Arthur-MASSE-768x1152.jpeg 768w, https:\/\/aigueperse2026.fr\/wp-content\/uploads\/2026\/01\/Arthur-MASSE.jpeg 1024w\" sizes=\"auto, (max-width: 683px) 100vw, 683px\" \/><\/figure><div class=\"wp-block-media-text__content\">\n<p><a href=\"https:\/\/aigueperse2026.fr\/index.php\/arthur-masse-2\/\/\" data-type=\"link\" data-id=\"https:\/\/aigueperse2026.fr\/index.php\/arthur-masse-2\/\/\">Arthur Mass\u00e9<\/a><\/p>\n<\/div><\/div>\n\n\n\n<div class=\"wp-block-media-text is-stacked-on-mobile\"><figure class=\"wp-block-media-text__media\"><img loading=\"lazy\" decoding=\"async\" width=\"768\" height=\"1024\" src=\"https:\/\/aigueperse2026.fr\/wp-content\/uploads\/2026\/01\/Christelle-PERRY-768x1024.jpg\" alt=\"\" class=\"wp-image-260 size-full\" srcset=\"https:\/\/aigueperse2026.fr\/wp-content\/uploads\/2026\/01\/Christelle-PERRY-768x1024.jpg 768w, https:\/\/aigueperse2026.fr\/wp-content\/uploads\/2026\/01\/Christelle-PERRY-225x300.jpg 225w, https:\/\/aigueperse2026.fr\/wp-content\/uploads\/2026\/01\/Christelle-PERRY.jpg 1080w\" sizes=\"auto, (max-width: 768px) 100vw, 768px\" \/><\/figure><div class=\"wp-block-media-text__content\">\n<p><a href=\"https:\/\/aigueperse2026.fr\/index.php\/perry-christelle\/\" data-type=\"link\" data-id=\"https:\/\/aigueperse2026.fr\/index.php\/arthur-masse-2\/\/\">Christelle Perry<\/a><\/p>\n<\/div><\/div>\n\n\n\n<div class=\"wp-block-media-text is-stacked-on-mobile\"><figure class=\"wp-block-media-text__media\"><img loading=\"lazy\" decoding=\"async\" width=\"768\" height=\"1024\" src=\"https:\/\/aigueperse2026.fr\/wp-content\/uploads\/2026\/01\/Benoit-MAUBERT-768x1024.jpeg\" alt=\"\" class=\"wp-image-186 size-full\" srcset=\"https:\/\/aigueperse2026.fr\/wp-content\/uploads\/2026\/01\/Benoit-MAUBERT-768x1024.jpeg 768w, https:\/\/aigueperse2026.fr\/wp-content\/uploads\/2026\/01\/Benoit-MAUBERT-225x300.jpeg 225w, https:\/\/aigueperse2026.fr\/wp-content\/uploads\/2026\/01\/Benoit-MAUBERT-1152x1536.jpeg 1152w, https:\/\/aigueperse2026.fr\/wp-content\/uploads\/2026\/01\/Benoit-MAUBERT.jpeg 1536w\" sizes=\"auto, (max-width: 768px) 100vw, 768px\" \/><\/figure><div class=\"wp-block-media-text__content\">\n<p><a href=\"https:\/\/aigueperse2026.fr\/index.php\/benoit-maubert-2\/\" data-type=\"link\" data-id=\"https:\/\/aigueperse2026.fr\/index.php\/arthur-masse-2\/\/\">B\u00e9no\u00eet Maubert<\/a><\/p>\n<\/div><\/div>\n\n\n\n<div class=\"wp-block-media-text is-stacked-on-mobile\"><figure class=\"wp-block-media-text__media\"><img loading=\"lazy\" decoding=\"async\" width=\"996\" height=\"1024\" src=\"https:\/\/aigueperse2026.fr\/wp-content\/uploads\/2026\/01\/Claire-VOISIN-2-996x1024.jpeg\" alt=\"\" class=\"wp-image-295 size-full\" srcset=\"https:\/\/aigueperse2026.fr\/wp-content\/uploads\/2026\/01\/Claire-VOISIN-2-996x1024.jpeg 996w, https:\/\/aigueperse2026.fr\/wp-content\/uploads\/2026\/01\/Claire-VOISIN-2-292x300.jpeg 292w, https:\/\/aigueperse2026.fr\/wp-content\/uploads\/2026\/01\/Claire-VOISIN-2-768x790.jpeg 768w, https:\/\/aigueperse2026.fr\/wp-content\/uploads\/2026\/01\/Claire-VOISIN-2-1494x1536.jpeg 1494w, https:\/\/aigueperse2026.fr\/wp-content\/uploads\/2026\/01\/Claire-VOISIN-2-1992x2048.jpeg 1992w\" sizes=\"auto, (max-width: 996px) 100vw, 996px\" \/><\/figure><div class=\"wp-block-media-text__content\">\n<p><a href=\"https:\/\/aigueperse2026.fr\/index.php\/claire-voisin\/\" data-type=\"link\" data-id=\"https:\/\/aigueperse2026.fr\/index.php\/arthur-masse-2\/\/\">Claire Voisin<\/a><\/p>\n<\/div><\/div>\n\n\n\n<div class=\"wp-block-media-text is-stacked-on-mobile\"><figure class=\"wp-block-media-text__media\"><img loading=\"lazy\" decoding=\"async\" width=\"768\" height=\"1024\" src=\"https:\/\/aigueperse2026.fr\/wp-content\/uploads\/2026\/02\/Romain-TOUBLANT-V2-1-768x1024.jpeg\" alt=\"\" class=\"wp-image-340 size-full\" srcset=\"https:\/\/aigueperse2026.fr\/wp-content\/uploads\/2026\/02\/Romain-TOUBLANT-V2-1-768x1024.jpeg 768w, https:\/\/aigueperse2026.fr\/wp-content\/uploads\/2026\/02\/Romain-TOUBLANT-V2-1-225x300.jpeg 225w, https:\/\/aigueperse2026.fr\/wp-content\/uploads\/2026\/02\/Romain-TOUBLANT-V2-1-1152x1536.jpeg 1152w, https:\/\/aigueperse2026.fr\/wp-content\/uploads\/2026\/02\/Romain-TOUBLANT-V2-1-1536x2048.jpeg 1536w, https:\/\/aigueperse2026.fr\/wp-content\/uploads\/2026\/02\/Romain-TOUBLANT-V2-1-scaled.jpeg 1920w\" sizes=\"auto, (max-width: 768px) 100vw, 768px\" \/><\/figure><div class=\"wp-block-media-text__content\">\n<p><a href=\"https:\/\/aigueperse2026.fr\/index.php\/romain-toublant-2\/\" data-type=\"link\" data-id=\"https:\/\/aigueperse2026.fr\/index.php\/arthur-masse-2\/\/\">Romain Toublant<\/a><\/p>\n<\/div><\/div>\n<\/div>\n","protected":false},"excerpt":{"rendered":"<p>Liste des candidats par ordre alphab\u00e9tique en alternant homme \/ femmeCliquer sur le nom pour avoir acc\u00e8s \u00e0 sa pr\u00e9sentation Christophe Cl\u00e9mente Alice Alcacer Eric Bovics Julie Aparicio Nicolas Brun C\u00e9line BECERRA-RACERO Fabien Dutrieux Aline Besson Thomas Camus H\u00e9l\u00e8ne Feat Ludovic Cotte Nadia Fernandes Jo\u00ebl Druet St\u00e9phanie FRANCHISSEUR-BREUIL St\u00e9phane Jamon Edith MARCHAL Guy Lery B\u00e9atrice [&hellip;]<\/p>\n","protected":false},"author":1,"featured_media":0,"parent":0,"menu_order":0,"comment_status":"closed","ping_status":"closed","template":"","meta":{"advanced_seo_description":"","jetpack_seo_html_title":"","jetpack_seo_noindex":false,"footnotes":""},"class_list":["post-57","page","type-page","status-publish","hentry"],"jetpack_sharing_enabled":true,"_links":{"self":[{"href":"https:\/\/aigueperse2026.fr\/index.php\/wp-json\/wp\/v2\/pages\/57","targetHints":{"allow":["GET"]}}],"collection":[{"href":"https:\/\/aigueperse2026.fr\/index.php\/wp-json\/wp\/v2\/pages"}],"about":[{"href":"https:\/\/aigueperse2026.fr\/index.php\/wp-json\/wp\/v2\/types\/page"}],"author":[{"embeddable":true,"href":"https:\/\/aigueperse2026.fr\/index.php\/wp-json\/wp\/v2\/users\/1"}],"replies":[{"embeddable":true,"href":"https:\/\/aigueperse2026.fr\/index.php\/wp-json\/wp\/v2\/comments?post=57"}],"version-history":[{"count":40,"href":"https:\/\/aigueperse2026.fr\/index.php\/wp-json\/wp\/v2\/pages\/57\/revisions"}],"predecessor-version":[{"id":346,"href":"https:\/\/aigueperse2026.fr\/index.php\/wp-json\/wp\/v2\/pages\/57\/revisions\/346"}],"wp:attachment":[{"href":"https:\/\/aigueperse2026.fr\/index.php\/wp-json\/wp\/v2\/media?parent=57"}],"curies":[{"name":"wp","href":"https:\/\/api.w.org\/{rel}","templated":true}]}}