{"id":290,"date":"2026-02-08T07:00:00","date_gmt":"2026-02-08T06:00:00","guid":{"rendered":"https:\/\/aigueperse2026.fr\/?page_id=290"},"modified":"2026-02-08T00:14:24","modified_gmt":"2026-02-07T23:14:24","slug":"arthur-masse-2","status":"publish","type":"page","link":"https:\/\/aigueperse2026.fr\/index.php\/arthur-masse-2\/","title":{"rendered":"Arthur MASS\u00c9"},"content":{"rendered":"\n<div class=\"wp-block-media-text is-stacked-on-mobile\" style=\"grid-template-columns:15% auto\"><figure class=\"wp-block-media-text__media\"><img loading=\"lazy\" decoding=\"async\" width=\"683\" height=\"1024\" src=\"https:\/\/aigueperse2026.fr\/wp-content\/uploads\/2026\/01\/Arthur-MASSE-683x1024.jpeg\" alt=\"\" class=\"wp-image-185 size-full\" srcset=\"https:\/\/aigueperse2026.fr\/wp-content\/uploads\/2026\/01\/Arthur-MASSE-683x1024.jpeg 683w, https:\/\/aigueperse2026.fr\/wp-content\/uploads\/2026\/01\/Arthur-MASSE-200x300.jpeg 200w, https:\/\/aigueperse2026.fr\/wp-content\/uploads\/2026\/01\/Arthur-MASSE-768x1152.jpeg 768w, https:\/\/aigueperse2026.fr\/wp-content\/uploads\/2026\/01\/Arthur-MASSE.jpeg 1024w\" sizes=\"auto, (max-width: 683px) 100vw, 683px\" \/><\/figure><div class=\"wp-block-media-text__content\">\n<p class=\"has-regular-font-size\"><strong>Arthur MASS\u00c9<br><\/strong>Technico Commercial<br>30 ans<\/p>\n<\/div><\/div>\n\n\n\n<p><strong>Mon attachement \u00e0 la commune<\/strong><\/p>\n\n\n\n<p>Arriv\u00e9 \u00e0 Aigueperse il y a plus de vingt ans, j\u2019y ai grandi apr\u00e8s l\u2019installation de mes parents dans le Puy-de-D\u00f4me pour raisons professionnelles. Au fil du temps, cette ville est devenue mon ancrage, un lieu auquel je reste profond\u00e9ment attach\u00e9.<\/p>\n\n\n\n<p>Sportif et engag\u00e9, j\u2019ai toujours particip\u00e9 activement \u00e0 la vie associative locale\u202f: ABC Basket, TCA Tennis, SCA Rugby, dont je suis le secr\u00e9taire depuis trois ans. Je pr\u00e9side \u00e9galement l\u2019association de rugby touch\u00e9 \u00ab\u202fLes Vieilles Pralines\u202f\u00bb.<\/p>\n\n\n\n<p>Ces engagements m\u2019ont appris la force du collectif, le plaisir d\u2019agir ensemble et m\u2019ont permis de construire des amiti\u00e9s solides.<\/p>\n\n\n\n<p>Depuis l\u2019enfance, je participe \u00e9galement aux Nocturnes d\u2019Aigueperse organis\u00e9es par l\u2019association Marie de Berry. Ces moments ont nourri mon go\u00fbt pour la mise en sc\u00e8ne, la convivialit\u00e9 et la valorisation de l\u2019histoire et du patrimoine de notre ville.<\/p>\n\n\n\n<p><strong>Pourquoi je m\u2019engage<\/strong><\/p>\n\n\n\n<p>Je souhaite contribuer au dynamisme de la commune et renforcer son attractivit\u00e9, tant par la qualit\u00e9 de son cadre de vie que par la richesse de ses animations. En lien constant avec les associations, je fr\u00e9quente tr\u00e8s r\u00e9guli\u00e8rement nos \u00e9quipements sportifs. Cette pr\u00e9sence sur le terrain nourrit ma volont\u00e9 d\u2019accompagner leur am\u00e9lioration et de participer activement \u00e0 leur \u00e9volution au service de tous les habitants.<\/p>\n\n\n\n<p><strong>Mes sujets de pr\u00e9dilection&nbsp;<\/strong><\/p>\n\n\n\n<p>Le sport et la vie associative sont deux moteurs essentiels de notre commune. Ils cr\u00e9ent du lien, dynamisent le quotidien et participent au bien-\u00eatre de chacun. Les soutenir, c\u2019est renforcer la vitalit\u00e9 d\u2019Aigueperse.<\/p>\n","protected":false},"excerpt":{"rendered":"<p>Arthur MASS\u00c9Technico Commercial30 ans Mon attachement \u00e0 la commune Arriv\u00e9 \u00e0 Aigueperse il y a plus de vingt ans, j\u2019y ai grandi apr\u00e8s l\u2019installation de mes parents dans le Puy-de-D\u00f4me pour raisons professionnelles. Au fil du temps, cette ville est devenue mon ancrage, un lieu auquel je reste profond\u00e9ment attach\u00e9. Sportif et engag\u00e9, j\u2019ai toujours [&hellip;]<\/p>\n","protected":false},"author":1,"featured_media":0,"parent":0,"menu_order":0,"comment_status":"closed","ping_status":"closed","template":"","meta":{"advanced_seo_description":"","jetpack_seo_html_title":"","jetpack_seo_noindex":false,"footnotes":""},"class_list":["post-290","page","type-page","status-publish","hentry"],"jetpack_sharing_enabled":true,"_links":{"self":[{"href":"https:\/\/aigueperse2026.fr\/index.php\/wp-json\/wp\/v2\/pages\/290","targetHints":{"allow":["GET"]}}],"collection":[{"href":"https:\/\/aigueperse2026.fr\/index.php\/wp-json\/wp\/v2\/pages"}],"about":[{"href":"https:\/\/aigueperse2026.fr\/index.php\/wp-json\/wp\/v2\/types\/page"}],"author":[{"embeddable":true,"href":"https:\/\/aigueperse2026.fr\/index.php\/wp-json\/wp\/v2\/users\/1"}],"replies":[{"embeddable":true,"href":"https:\/\/aigueperse2026.fr\/index.php\/wp-json\/wp\/v2\/comments?post=290"}],"version-history":[{"count":2,"href":"https:\/\/aigueperse2026.fr\/index.php\/wp-json\/wp\/v2\/pages\/290\/revisions"}],"predecessor-version":[{"id":292,"href":"https:\/\/aigueperse2026.fr\/index.php\/wp-json\/wp\/v2\/pages\/290\/revisions\/292"}],"wp:attachment":[{"href":"https:\/\/aigueperse2026.fr\/index.php\/wp-json\/wp\/v2\/media?parent=290"}],"curies":[{"name":"wp","href":"https:\/\/api.w.org\/{rel}","templated":true}]}}