{"id":273,"date":"2026-02-09T07:00:00","date_gmt":"2026-02-09T06:00:00","guid":{"rendered":"https:\/\/aigueperse2026.fr\/?page_id=273"},"modified":"2026-02-08T20:10:20","modified_gmt":"2026-02-08T19:10:20","slug":"perry-christelle","status":"publish","type":"page","link":"https:\/\/aigueperse2026.fr\/index.php\/perry-christelle\/","title":{"rendered":"PERRY Christelle"},"content":{"rendered":"\n<div class=\"wp-block-media-text is-stacked-on-mobile\" style=\"grid-template-columns:15% auto\"><figure class=\"wp-block-media-text__media\"><img loading=\"lazy\" decoding=\"async\" width=\"768\" height=\"1024\" src=\"https:\/\/aigueperse2026.fr\/wp-content\/uploads\/2026\/01\/Christelle-PERRY-768x1024.jpg\" alt=\"\" class=\"wp-image-260 size-full\" srcset=\"https:\/\/aigueperse2026.fr\/wp-content\/uploads\/2026\/01\/Christelle-PERRY-768x1024.jpg 768w, https:\/\/aigueperse2026.fr\/wp-content\/uploads\/2026\/01\/Christelle-PERRY-225x300.jpg 225w, https:\/\/aigueperse2026.fr\/wp-content\/uploads\/2026\/01\/Christelle-PERRY.jpg 1080w\" sizes=\"auto, (max-width: 768px) 100vw, 768px\" \/><\/figure><div class=\"wp-block-media-text__content\">\n<p class=\"has-regular-font-size\"><strong>PERRY Christelle<br><\/strong>Cadre de gestion \u00e0 l\u2019ADEME<br>47 ans<\/p>\n<\/div><\/div>\n\n\n\n<p><strong>Mon attachement \u00e0 la commune&nbsp;<\/strong><\/p>\n\n\n\n<p>Arriv\u00e9e \u00e0 Aigueperse en 2005, j\u2019y ai d\u2019abord construit une maison pour y abriter plus tard ma famille et m\u2019y implanter durablement. Mon engagement aupr\u00e8s de l\u2019APE pendant 8 ans et en tant que repr\u00e9sentante des parents d\u2019\u00e9l\u00e8ves \u00e0 l\u2019\u00e9cole des Jacquemards m\u2019a permis de d\u00e9velopper un lien fort avec notre commune et donn\u00e9 l\u2019envie de m\u2019engager davantage.<\/p>\n\n\n\n<p><strong>Pourquoi je m\u2019engage&nbsp;<\/strong><\/p>\n\n\n\n<p>Je m\u2019engage pour aider les habitants d\u2019Aigueperse \u00e0 faire face aux enjeux actuels et futurs du changement climatique en soutenant la transition \u00e9cologique et en pr\u00e9servant nos ressources. Je suis persuad\u00e9e que chaque petit geste compte et que chacun \u00e0 son niveau peu faire la diff\u00e9rence. Je crois \u00e9galement au pouvoir du collectif.<\/p>\n\n\n\n<p><strong>Mes sujets de pr\u00e9dilection&nbsp;<\/strong><\/p>\n\n\n\n<p>Etant particuli\u00e8rement attentive aux enjeux environnementaux, je souhaite repenser la ville pour l\u2019adapter \u00e0 demain, en faire une ville durable agr\u00e9able \u00e0 vivre pour tous et attractive.<\/p>\n","protected":false},"excerpt":{"rendered":"<p>PERRY ChristelleCadre de gestion \u00e0 l\u2019ADEME47 ans Mon attachement \u00e0 la commune&nbsp; Arriv\u00e9e \u00e0 Aigueperse en 2005, j\u2019y ai d\u2019abord construit une maison pour y abriter plus tard ma famille et m\u2019y implanter durablement. Mon engagement aupr\u00e8s de l\u2019APE pendant 8 ans et en tant que repr\u00e9sentante des parents d\u2019\u00e9l\u00e8ves \u00e0 l\u2019\u00e9cole des Jacquemards m\u2019a [&hellip;]<\/p>\n","protected":false},"author":1,"featured_media":0,"parent":0,"menu_order":0,"comment_status":"closed","ping_status":"closed","template":"","meta":{"advanced_seo_description":"","jetpack_seo_html_title":"","jetpack_seo_noindex":false,"footnotes":""},"class_list":["post-273","page","type-page","status-publish","hentry"],"jetpack_sharing_enabled":true,"_links":{"self":[{"href":"https:\/\/aigueperse2026.fr\/index.php\/wp-json\/wp\/v2\/pages\/273","targetHints":{"allow":["GET"]}}],"collection":[{"href":"https:\/\/aigueperse2026.fr\/index.php\/wp-json\/wp\/v2\/pages"}],"about":[{"href":"https:\/\/aigueperse2026.fr\/index.php\/wp-json\/wp\/v2\/types\/page"}],"author":[{"embeddable":true,"href":"https:\/\/aigueperse2026.fr\/index.php\/wp-json\/wp\/v2\/users\/1"}],"replies":[{"embeddable":true,"href":"https:\/\/aigueperse2026.fr\/index.php\/wp-json\/wp\/v2\/comments?post=273"}],"version-history":[{"count":1,"href":"https:\/\/aigueperse2026.fr\/index.php\/wp-json\/wp\/v2\/pages\/273\/revisions"}],"predecessor-version":[{"id":274,"href":"https:\/\/aigueperse2026.fr\/index.php\/wp-json\/wp\/v2\/pages\/273\/revisions\/274"}],"wp:attachment":[{"href":"https:\/\/aigueperse2026.fr\/index.php\/wp-json\/wp\/v2\/media?parent=273"}],"curies":[{"name":"wp","href":"https:\/\/api.w.org\/{rel}","templated":true}]}}