{"id":255,"date":"2026-01-22T07:00:00","date_gmt":"2026-01-22T06:00:00","guid":{"rendered":"https:\/\/aigueperse2026.fr\/?page_id=255"},"modified":"2026-01-20T08:37:34","modified_gmt":"2026-01-20T07:37:34","slug":"celine-becerra-racero","status":"publish","type":"page","link":"https:\/\/aigueperse2026.fr\/index.php\/celine-becerra-racero\/","title":{"rendered":"C\u00e9line BECERRA-RACERO"},"content":{"rendered":"\n<div class=\"wp-block-media-text is-stacked-on-mobile\" style=\"grid-template-columns:15% auto\"><figure class=\"wp-block-media-text__media\"><img loading=\"lazy\" decoding=\"async\" width=\"768\" height=\"1024\" src=\"https:\/\/aigueperse2026.fr\/wp-content\/uploads\/2026\/01\/Celine-BECERRA-768x1024.jpeg\" alt=\"\" class=\"wp-image-187 size-full\" srcset=\"https:\/\/aigueperse2026.fr\/wp-content\/uploads\/2026\/01\/Celine-BECERRA-768x1024.jpeg 768w, https:\/\/aigueperse2026.fr\/wp-content\/uploads\/2026\/01\/Celine-BECERRA-225x300.jpeg 225w, https:\/\/aigueperse2026.fr\/wp-content\/uploads\/2026\/01\/Celine-BECERRA-1152x1536.jpeg 1152w, https:\/\/aigueperse2026.fr\/wp-content\/uploads\/2026\/01\/Celine-BECERRA-1536x2048.jpeg 1536w, https:\/\/aigueperse2026.fr\/wp-content\/uploads\/2026\/01\/Celine-BECERRA-scaled.jpeg 1920w\" sizes=\"auto, (max-width: 768px) 100vw, 768px\" \/><\/figure><div class=\"wp-block-media-text__content\">\n<p class=\"has-regular-font-size\"><strong>C\u00e9line BECERRA-RACERO<\/strong><br>Directrice de Communication<br>48 ans<\/p>\n<\/div><\/div>\n\n\n\n<h2 class=\"wp-block-heading has-small-font-size\">Mon attachement \u00e0 la commune<\/h2>\n\n\n\n<p>Install\u00e9e \u00e0 Aigueperse depuis 2009 avec ma famille, j\u2019ai d\u00e9velopp\u00e9 au fil des ann\u00e9es un lien profond et sinc\u00e8re avec notre commune. C\u2019est ici que j\u2019ai construit mes rep\u00e8res, tiss\u00e9 des relations solides et ancr\u00e9 mon quotidien. Cet attachement naturel s\u2019est transform\u00e9 en un engagement concret au service du dynamisme et de l\u2019avenir de notre ville.<\/p>\n\n\n\n<p>Mon parcours m\u2019a amen\u00e9e \u00e0 m\u2019investir \u00e0 la fois comme \u00e9lue et au sein du tissu associatif local. Ces exp\u00e9riences m\u2019ont permis d\u2019acqu\u00e9rir une connaissance fine des r\u00e9alit\u00e9s du territoire, des attentes des habitants et des d\u00e9fis auxquels une commune comme Aigueperse doit r\u00e9pondre.<\/p>\n\n\n\n<p>Je suis convaincue des nombreux atouts de notre ville : une situation g\u00e9ographique privil\u00e9gi\u00e9e, un cadre de vie agr\u00e9able, un tissu associatif riche et une \u00e9nergie collective qui fait vivre Aigueperse au quotidien. Notre commune dispose de tous les leviers n\u00e9cessaires pour poursuivre son d\u00e9veloppement tout en pr\u00e9servant son identit\u00e9 et ses valeurs.<\/p>\n\n\n\n<p>Conseill\u00e8re municipale depuis 2020, anim\u00e9e par le sens de l\u2019int\u00e9r\u00eat g\u00e9n\u00e9ral et du service public, je souhaite poursuivre mon engagement avec s\u00e9rieux, \u00e9coute et d\u00e9termination. Mon ambition est de contribuer \u00e0 un projet collectif utile, r\u00e9aliste et tourn\u00e9 vers l\u2019avenir.<\/p>\n\n\n\n<h2 class=\"wp-block-heading has-small-font-size\">Pourquoi je m\u2019engage<\/h2>\n\n\n\n<p>Forte de mon exp\u00e9rience d\u2019\u00e9lue et de mon parcours professionnel dans la fonction publique, je souhaite continuer \u00e0 agir au service d\u2019Aigueperse et de ses habitants. Mon objectif est de renforcer l\u2019attractivit\u00e9 de notre commune, d\u2019am\u00e9liorer durablement le cadre de vie et de soutenir les initiatives qui font d\u2019Aigueperse une ville dynamique, solidaire et fi\u00e8re de son identit\u00e9.<\/p>\n\n\n\n<p>J\u2019ai choisi de rejoindre une \u00e9quipe compos\u00e9e de femmes et d\u2019hommes motiv\u00e9s, disponibles et investis. Ensemble, nous partageons la volont\u00e9 d\u2019agir pour l\u2019int\u00e9r\u00eat g\u00e9n\u00e9ral, de porter un projet coh\u00e9rent et utile, et de pr\u00e9parer l\u2019avenir de notre ville en r\u00e9pondant concr\u00e8tement aux attentes l\u00e9gitimes de ses habitants.<\/p>\n\n\n\n<h2 class=\"wp-block-heading has-small-font-size\">Mes priorit\u00e9s d\u2019action<\/h2>\n\n\n\n<h3 class=\"wp-block-heading has-small-font-size\">1. Renforcer la vie locale et le bien-vivre ensemble<\/h3>\n\n\n\n<p>Je souhaite contribuer \u00e0 faire d\u2019Aigueperse une commune dynamique, attractive et attentive aux besoins de chacun, tout en valorisant ses atouts et son identit\u00e9.<\/p>\n\n\n\n<h3 class=\"wp-block-heading has-small-font-size\"><strong>2. Soutenir le tissu associatif et l\u2019engagement citoyen<\/strong><\/h3>\n\n\n\n<p>La vitalit\u00e9 associative est un pilier essentiel du lien social. Accompagner les associations, encourager les initiatives locales et valoriser le b\u00e9n\u00e9volat sont pour moi des priorit\u00e9s pour maintenir une commune active, solidaire et accueillante.<\/p>\n\n\n\n<h3 class=\"wp-block-heading has-small-font-size\"><strong>3. D\u00e9velopper la d\u00e9mocratie participative<\/strong><\/h3>\n\n\n\n<p>Je suis profond\u00e9ment attach\u00e9e \u00e0 la concertation et \u00e0 l\u2019\u00e9coute des habitants. Associer les citoyens aux d\u00e9cisions, favoriser le dialogue et cr\u00e9er de v\u00e9ritables espaces d\u2019\u00e9change permettent de construire des projets plus justes, plus efficaces et mieux partag\u00e9s.<\/p>\n\n\n\n<h3 class=\"wp-block-heading has-small-font-size\"><strong>4. Adapter les services publics de proximit\u00e9<\/strong><\/h3>\n\n\n\n<p>Je souhaite \u0153uvrer au maintien et \u00e0 l\u2019\u00e9volution des services publics afin qu\u2019ils r\u00e9pondent pleinement aux besoins des administr\u00e9s. Des services accessibles, r\u00e9actifs et adapt\u00e9s aux usages d\u2019aujourd\u2019hui sont indispensables pour am\u00e9liorer le quotidien et renforcer la confiance entre la collectivit\u00e9 et les habitants.<\/p>\n","protected":false},"excerpt":{"rendered":"<p>C\u00e9line BECERRA-RACERODirectrice de Communication48 ans Mon attachement \u00e0 la commune Install\u00e9e \u00e0 Aigueperse depuis 2009 avec ma famille, j\u2019ai d\u00e9velopp\u00e9 au fil des ann\u00e9es un lien profond et sinc\u00e8re avec notre commune. C\u2019est ici que j\u2019ai construit mes rep\u00e8res, tiss\u00e9 des relations solides et ancr\u00e9 mon quotidien. Cet attachement naturel s\u2019est transform\u00e9 en un engagement [&hellip;]<\/p>\n","protected":false},"author":1,"featured_media":0,"parent":0,"menu_order":0,"comment_status":"closed","ping_status":"closed","template":"","meta":{"advanced_seo_description":"","jetpack_seo_html_title":"","jetpack_seo_noindex":false,"footnotes":""},"class_list":["post-255","page","type-page","status-publish","hentry"],"jetpack_sharing_enabled":true,"_links":{"self":[{"href":"https:\/\/aigueperse2026.fr\/index.php\/wp-json\/wp\/v2\/pages\/255","targetHints":{"allow":["GET"]}}],"collection":[{"href":"https:\/\/aigueperse2026.fr\/index.php\/wp-json\/wp\/v2\/pages"}],"about":[{"href":"https:\/\/aigueperse2026.fr\/index.php\/wp-json\/wp\/v2\/types\/page"}],"author":[{"embeddable":true,"href":"https:\/\/aigueperse2026.fr\/index.php\/wp-json\/wp\/v2\/users\/1"}],"replies":[{"embeddable":true,"href":"https:\/\/aigueperse2026.fr\/index.php\/wp-json\/wp\/v2\/comments?post=255"}],"version-history":[{"count":1,"href":"https:\/\/aigueperse2026.fr\/index.php\/wp-json\/wp\/v2\/pages\/255\/revisions"}],"predecessor-version":[{"id":256,"href":"https:\/\/aigueperse2026.fr\/index.php\/wp-json\/wp\/v2\/pages\/255\/revisions\/256"}],"wp:attachment":[{"href":"https:\/\/aigueperse2026.fr\/index.php\/wp-json\/wp\/v2\/media?parent=255"}],"curies":[{"name":"wp","href":"https:\/\/api.w.org\/{rel}","templated":true}]}}