{"id":253,"date":"2026-02-07T07:00:00","date_gmt":"2026-02-07T06:00:00","guid":{"rendered":"https:\/\/aigueperse2026.fr\/?page_id=253"},"modified":"2026-02-06T13:21:43","modified_gmt":"2026-02-06T12:21:43","slug":"beatrice-maubert","status":"publish","type":"page","link":"https:\/\/aigueperse2026.fr\/index.php\/beatrice-maubert\/","title":{"rendered":"B\u00e9atrice MAUBERT"},"content":{"rendered":"\n<div class=\"wp-block-media-text is-stacked-on-mobile\" style=\"grid-template-columns:15% auto\"><figure class=\"wp-block-media-text__media\"><img loading=\"lazy\" decoding=\"async\" width=\"709\" height=\"1024\" src=\"https:\/\/aigueperse2026.fr\/wp-content\/uploads\/2026\/01\/Beatrice-MAUBERT-709x1024.jpg\" alt=\"\" class=\"wp-image-275 size-full\" srcset=\"https:\/\/aigueperse2026.fr\/wp-content\/uploads\/2026\/01\/Beatrice-MAUBERT-709x1024.jpg 709w, https:\/\/aigueperse2026.fr\/wp-content\/uploads\/2026\/01\/Beatrice-MAUBERT-208x300.jpg 208w, https:\/\/aigueperse2026.fr\/wp-content\/uploads\/2026\/01\/Beatrice-MAUBERT-768x1109.jpg 768w, https:\/\/aigueperse2026.fr\/wp-content\/uploads\/2026\/01\/Beatrice-MAUBERT.jpg 912w\" sizes=\"auto, (max-width: 709px) 100vw, 709px\" \/><\/figure><div class=\"wp-block-media-text__content\">\n<p class=\"has-regular-font-size\"><strong>B\u00e9atrice MAUBERT<\/strong><br>Assistante de direction \u2013 Secr\u00e9tariat g\u00e9n\u00e9ral CCAS<br>57 ans<\/p>\n<\/div><\/div>\n\n\n\n<p><strong>Mon attachement \u00e0 la commune<\/strong><\/p>\n\n\n\n<p>J\u2019habite \u00e0 Aigueperse depuis 25 ans avec ma famille. Mes 3 enfants ont fr\u00e9quent\u00e9 les \u00e9coles, clubs sportifs et associations culturelles. J\u2019ai \u00e9t\u00e9 impliqu\u00e9e en tant que parents d\u2019\u00e9l\u00e8ves et j\u2019ai appr\u00e9ci\u00e9 de b\u00e9n\u00e9ficier d\u2019une offre d\u2019activit\u00e9s au sein de la commune.<\/p>\n\n\n\n<p><strong>Pourquoi je m\u2019engage<\/strong><\/p>\n\n\n\n<p>Conseill\u00e8re municipale depuis 2023, je souhaite continuer \u00e0 apporter mon exp\u00e9rience au service d\u2019une action municipale constructive, r\u00e9aliste et humaine privil\u00e9giant la concertation et l\u2019int\u00e9r\u00eat g\u00e9n\u00e9ral.<\/p>\n\n\n\n<p><strong>Mes sujets de pr\u00e9dilection&nbsp;<\/strong><\/p>\n\n\n\n<p>J\u2019ai \u00e0 c\u0153ur de d\u00e9fendre des projets concrets qui am\u00e9liorent le quotidien de chaque citoyen, d\u00e9fendre les services de proximit\u00e9, un service de sant\u00e9 accessible \u00e0 tous et favoriser le lien social en d\u00e9veloppant des activit\u00e9s culturelles.<\/p>\n","protected":false},"excerpt":{"rendered":"<p>B\u00e9atrice MAUBERTAssistante de direction \u2013 Secr\u00e9tariat g\u00e9n\u00e9ral CCAS57 ans Mon attachement \u00e0 la commune J\u2019habite \u00e0 Aigueperse depuis 25 ans avec ma famille. Mes 3 enfants ont fr\u00e9quent\u00e9 les \u00e9coles, clubs sportifs et associations culturelles. J\u2019ai \u00e9t\u00e9 impliqu\u00e9e en tant que parents d\u2019\u00e9l\u00e8ves et j\u2019ai appr\u00e9ci\u00e9 de b\u00e9n\u00e9ficier d\u2019une offre d\u2019activit\u00e9s au sein de la [&hellip;]<\/p>\n","protected":false},"author":1,"featured_media":0,"parent":0,"menu_order":0,"comment_status":"closed","ping_status":"closed","template":"","meta":{"advanced_seo_description":"","jetpack_seo_html_title":"","jetpack_seo_noindex":false,"footnotes":""},"class_list":["post-253","page","type-page","status-publish","hentry"],"jetpack_sharing_enabled":true,"_links":{"self":[{"href":"https:\/\/aigueperse2026.fr\/index.php\/wp-json\/wp\/v2\/pages\/253","targetHints":{"allow":["GET"]}}],"collection":[{"href":"https:\/\/aigueperse2026.fr\/index.php\/wp-json\/wp\/v2\/pages"}],"about":[{"href":"https:\/\/aigueperse2026.fr\/index.php\/wp-json\/wp\/v2\/types\/page"}],"author":[{"embeddable":true,"href":"https:\/\/aigueperse2026.fr\/index.php\/wp-json\/wp\/v2\/users\/1"}],"replies":[{"embeddable":true,"href":"https:\/\/aigueperse2026.fr\/index.php\/wp-json\/wp\/v2\/comments?post=253"}],"version-history":[{"count":2,"href":"https:\/\/aigueperse2026.fr\/index.php\/wp-json\/wp\/v2\/pages\/253\/revisions"}],"predecessor-version":[{"id":276,"href":"https:\/\/aigueperse2026.fr\/index.php\/wp-json\/wp\/v2\/pages\/253\/revisions\/276"}],"wp:attachment":[{"href":"https:\/\/aigueperse2026.fr\/index.php\/wp-json\/wp\/v2\/media?parent=253"}],"curies":[{"name":"wp","href":"https:\/\/api.w.org\/{rel}","templated":true}]}}