{"id":251,"date":"2026-02-12T07:00:00","date_gmt":"2026-02-12T06:00:00","guid":{"rendered":"https:\/\/aigueperse2026.fr\/?page_id=251"},"modified":"2026-02-12T14:36:58","modified_gmt":"2026-02-12T13:36:58","slug":"romain-toublant-2","status":"publish","type":"page","link":"https:\/\/aigueperse2026.fr\/index.php\/romain-toublant-2\/","title":{"rendered":"Romain TOUBLANT"},"content":{"rendered":"\n<div class=\"wp-block-media-text is-stacked-on-mobile\" style=\"grid-template-columns:15% auto\"><figure class=\"wp-block-media-text__media\"><img loading=\"lazy\" decoding=\"async\" width=\"768\" height=\"1024\" src=\"https:\/\/aigueperse2026.fr\/wp-content\/uploads\/2026\/02\/Romain-TOUBLANT-V2-1-768x1024.jpeg\" alt=\"\" class=\"wp-image-340 size-full\" srcset=\"https:\/\/aigueperse2026.fr\/wp-content\/uploads\/2026\/02\/Romain-TOUBLANT-V2-1-768x1024.jpeg 768w, https:\/\/aigueperse2026.fr\/wp-content\/uploads\/2026\/02\/Romain-TOUBLANT-V2-1-225x300.jpeg 225w, https:\/\/aigueperse2026.fr\/wp-content\/uploads\/2026\/02\/Romain-TOUBLANT-V2-1-1152x1536.jpeg 1152w, https:\/\/aigueperse2026.fr\/wp-content\/uploads\/2026\/02\/Romain-TOUBLANT-V2-1-1536x2048.jpeg 1536w, https:\/\/aigueperse2026.fr\/wp-content\/uploads\/2026\/02\/Romain-TOUBLANT-V2-1-scaled.jpeg 1920w\" sizes=\"auto, (max-width: 768px) 100vw, 768px\" \/><\/figure><div class=\"wp-block-media-text__content\">\n<p class=\"has-regular-font-size\"><strong>Romain TOUBLANT<\/strong><br>Ing\u00e9nieur Michelin<br>42 ans<\/p>\n<\/div><\/div>\n\n\n\n<p><strong>Mon attachement \u00e0 la commune<\/strong><\/p>\n\n\n\n<p>Originaire de la r\u00e9gion nantaise, ce sont mes \u00e9tudes qui m\u2019ont amen\u00e9 \u00e0 d\u00e9couvrir le Puy-de-D\u00f4me et l\u2019Auvergne. Les diff\u00e9rents faits de la vie \u2014 la rencontre de ma compagne, mon premier emploi sur le bassin clermontois \u2014 m\u2019ont conduit \u00e0 rechercher un cadre de vie agr\u00e9able et dynamique \u00e0 la campagne. C\u2019est ainsi que nous avons fait construire sur la commune en 2012.<\/p>\n\n\n\n<p>Notre choix s\u2019est port\u00e9 sur Aigueperse pour ses diff\u00e9rents atouts purement logistiques (pr\u00e9sence d\u2019une gare, de multiples commerces, \u00e9coles et coll\u00e8ges\u2026). Avec le temps, nous avons int\u00e9gr\u00e9 diff\u00e9rentes associations sportives et scolaires.<\/p>\n\n\n\n<p>En ce qui me concerne, je me suis impliqu\u00e9 au sein du FC Nord Limagne pour accompagner les jeunes en tant qu\u2019\u00e9ducateur et responsable de l\u2019\u00e9cole de foot.<\/p>\n\n\n\n<p><strong>Pourquoi je m\u2019engage<\/strong><\/p>\n\n\n\n<p>Je m\u2019engage au c\u00f4t\u00e9 de l\u2019\u00e9quipe d\u2019<em>Un nouvel Elan pour construire l\u2019avenir<\/em> pour la promesse d\u2019un projet construit avec et pour les habitants au plus proche de leurs pr\u00e9occupations et de leur quotidien.&nbsp;<\/p>\n\n\n\n<p>L\u2019id\u00e9e de participer \u00e0 la co-construction d\u2019une vision \u00e0 moyen et long terme d\u2019un projet commun pour AIGUEPERSE fait sens pour moi. J\u2019ai la conviction que notre commune et ses alentours peuvent rayonner plus encore dans les ann\u00e9es \u00e0 venir.<\/p>\n\n\n\n<p><strong>Mes sujets de pr\u00e9dilection&nbsp;<\/strong><\/p>\n\n\n\n<p>Gr\u00e2ce \u00e0 mon implication au sein du FC NORD LIMAGNE, je suis au contact des jeunes de la commune et de ses alentours. Cette proximit\u00e9 me permet d\u2019\u00eatre \u00e0 l\u2019\u00e9coute de leurs pr\u00e9occupations et celle de leurs parents.&nbsp;<\/p>\n\n\n\n<p>L\u2019\u00e9panouissement de notre jeunesse et son attachement au territoire sont pour moi des enjeux essentiels. Le sport et la vie associative offrent un cadre pr\u00e9cieux pour leur permettre de s\u2019investir dans des projets motivants, enrichissants et ouverts sur la diversit\u00e9 des parcours.<\/p>\n\n\n\n<p>Les accompagner et les valoriser est, \u00e0 mes yeux, une condition indispensable pour maintenir une commune dynamique et attractive.<\/p>\n","protected":false},"excerpt":{"rendered":"<p>Romain TOUBLANTIng\u00e9nieur Michelin42 ans Mon attachement \u00e0 la commune Originaire de la r\u00e9gion nantaise, ce sont mes \u00e9tudes qui m\u2019ont amen\u00e9 \u00e0 d\u00e9couvrir le Puy-de-D\u00f4me et l\u2019Auvergne. Les diff\u00e9rents faits de la vie \u2014 la rencontre de ma compagne, mon premier emploi sur le bassin clermontois \u2014 m\u2019ont conduit \u00e0 rechercher un cadre de vie [&hellip;]<\/p>\n","protected":false},"author":1,"featured_media":0,"parent":0,"menu_order":0,"comment_status":"closed","ping_status":"closed","template":"","meta":{"advanced_seo_description":"","jetpack_seo_html_title":"","jetpack_seo_noindex":false,"footnotes":""},"class_list":["post-251","page","type-page","status-publish","hentry"],"jetpack_sharing_enabled":true,"_links":{"self":[{"href":"https:\/\/aigueperse2026.fr\/index.php\/wp-json\/wp\/v2\/pages\/251","targetHints":{"allow":["GET"]}}],"collection":[{"href":"https:\/\/aigueperse2026.fr\/index.php\/wp-json\/wp\/v2\/pages"}],"about":[{"href":"https:\/\/aigueperse2026.fr\/index.php\/wp-json\/wp\/v2\/types\/page"}],"author":[{"embeddable":true,"href":"https:\/\/aigueperse2026.fr\/index.php\/wp-json\/wp\/v2\/users\/1"}],"replies":[{"embeddable":true,"href":"https:\/\/aigueperse2026.fr\/index.php\/wp-json\/wp\/v2\/comments?post=251"}],"version-history":[{"count":3,"href":"https:\/\/aigueperse2026.fr\/index.php\/wp-json\/wp\/v2\/pages\/251\/revisions"}],"predecessor-version":[{"id":341,"href":"https:\/\/aigueperse2026.fr\/index.php\/wp-json\/wp\/v2\/pages\/251\/revisions\/341"}],"wp:attachment":[{"href":"https:\/\/aigueperse2026.fr\/index.php\/wp-json\/wp\/v2\/media?parent=251"}],"curies":[{"name":"wp","href":"https:\/\/api.w.org\/{rel}","templated":true}]}}