{"id":248,"date":"2026-02-04T07:00:00","date_gmt":"2026-02-04T06:00:00","guid":{"rendered":"https:\/\/aigueperse2026.fr\/?page_id=248"},"modified":"2026-02-03T18:09:52","modified_gmt":"2026-02-03T17:09:52","slug":"stephane-jamon-2","status":"publish","type":"page","link":"https:\/\/aigueperse2026.fr\/index.php\/stephane-jamon-2\/","title":{"rendered":"St\u00e9phane JAMON"},"content":{"rendered":"\n<div class=\"wp-block-media-text is-stacked-on-mobile\" style=\"grid-template-columns:15% auto\"><figure class=\"wp-block-media-text__media\"><img loading=\"lazy\" decoding=\"async\" width=\"768\" height=\"1024\" src=\"https:\/\/aigueperse2026.fr\/wp-content\/uploads\/2026\/01\/Stephane-JAMON-768x1024.jpg\" alt=\"\" class=\"wp-image-259 size-full\" srcset=\"https:\/\/aigueperse2026.fr\/wp-content\/uploads\/2026\/01\/Stephane-JAMON-768x1024.jpg 768w, https:\/\/aigueperse2026.fr\/wp-content\/uploads\/2026\/01\/Stephane-JAMON-225x300.jpg 225w, https:\/\/aigueperse2026.fr\/wp-content\/uploads\/2026\/01\/Stephane-JAMON.jpg 1080w\" sizes=\"auto, (max-width: 768px) 100vw, 768px\" \/><\/figure><div class=\"wp-block-media-text__content\">\n<p class=\"has-regular-font-size\"><strong>St\u00e9phane JAMON<\/strong><br>Gestionnaire immobilier<br>46 ans<\/p>\n<\/div><\/div>\n\n\n\n<p><strong>Mon attachement \u00e0 la commune<\/strong><\/p>\n\n\n\n<p>J\u2019ai choisi de m\u2019installer \u00e0 Aigueperse il y a plus de vingt ans, attir\u00e9 par sa situation id\u00e9ale entre Vichy et Clermont-Ferrand. Aujourd\u2019hui, j\u2019y vis avec ma femme et mon fils. Nous y trouvons une qualit\u00e9 de vie pr\u00e9cieuse, \u00e0 l\u2019\u00e9chelle d\u2019une commune o\u00f9 les services restent accessibles et proches des habitants.<\/p>\n\n\n\n<p><strong>Pourquoi je m\u2019engage<\/strong><\/p>\n\n\n\n<p>Je m\u2019engage pour l\u2019int\u00e9r\u00eat g\u00e9n\u00e9ral, une valeur essentielle dans notre soci\u00e9t\u00e9. Passionn\u00e9 de sport (rugby, triathlon, trail), je crois que collectivement on peut faire \u00e9voluer les choses.<\/p>\n\n\n\n<p><strong>Mes sujets de pr\u00e9dilection&nbsp;<\/strong><\/p>\n\n\n\n<p>Les projets visant \u00e0 am\u00e9liorer le cadre de vie en particulier tout ce qui touche \u00e0 la mobilit\u00e9, aux d\u00e9placements du quotidien et \u00e0 l\u2019accessibilit\u00e9 sont pour moi essentiels. J\u2019accorde \u00e9galement une grande importance aux actions men\u00e9es en faveur de la jeunesse, du sport et plus sp\u00e9cifiquement du sport sant\u00e9.<\/p>\n","protected":false},"excerpt":{"rendered":"<p>St\u00e9phane JAMONGestionnaire immobilier46 ans Mon attachement \u00e0 la commune J\u2019ai choisi de m\u2019installer \u00e0 Aigueperse il y a plus de vingt ans, attir\u00e9 par sa situation id\u00e9ale entre Vichy et Clermont-Ferrand. Aujourd\u2019hui, j\u2019y vis avec ma femme et mon fils. Nous y trouvons une qualit\u00e9 de vie pr\u00e9cieuse, \u00e0 l\u2019\u00e9chelle d\u2019une commune o\u00f9 les services [&hellip;]<\/p>\n","protected":false},"author":1,"featured_media":0,"parent":0,"menu_order":0,"comment_status":"closed","ping_status":"closed","template":"","meta":{"advanced_seo_description":"","jetpack_seo_html_title":"","jetpack_seo_noindex":false,"footnotes":""},"class_list":["post-248","page","type-page","status-publish","hentry"],"jetpack_sharing_enabled":true,"_links":{"self":[{"href":"https:\/\/aigueperse2026.fr\/index.php\/wp-json\/wp\/v2\/pages\/248","targetHints":{"allow":["GET"]}}],"collection":[{"href":"https:\/\/aigueperse2026.fr\/index.php\/wp-json\/wp\/v2\/pages"}],"about":[{"href":"https:\/\/aigueperse2026.fr\/index.php\/wp-json\/wp\/v2\/types\/page"}],"author":[{"embeddable":true,"href":"https:\/\/aigueperse2026.fr\/index.php\/wp-json\/wp\/v2\/users\/1"}],"replies":[{"embeddable":true,"href":"https:\/\/aigueperse2026.fr\/index.php\/wp-json\/wp\/v2\/comments?post=248"}],"version-history":[{"count":3,"href":"https:\/\/aigueperse2026.fr\/index.php\/wp-json\/wp\/v2\/pages\/248\/revisions"}],"predecessor-version":[{"id":261,"href":"https:\/\/aigueperse2026.fr\/index.php\/wp-json\/wp\/v2\/pages\/248\/revisions\/261"}],"wp:attachment":[{"href":"https:\/\/aigueperse2026.fr\/index.php\/wp-json\/wp\/v2\/media?parent=248"}],"curies":[{"name":"wp","href":"https:\/\/api.w.org\/{rel}","templated":true}]}}