{"id":246,"date":"2026-01-31T07:00:00","date_gmt":"2026-01-31T06:00:00","guid":{"rendered":"https:\/\/aigueperse2026.fr\/?page_id=246"},"modified":"2026-01-30T20:50:55","modified_gmt":"2026-01-30T19:50:55","slug":"ludovic-cotte-2","status":"publish","type":"page","link":"https:\/\/aigueperse2026.fr\/index.php\/ludovic-cotte-2\/","title":{"rendered":"Ludovic COTTE"},"content":{"rendered":"\n<div class=\"wp-block-media-text is-stacked-on-mobile\" style=\"grid-template-columns:15% auto\"><figure class=\"wp-block-media-text__media\"><img loading=\"lazy\" decoding=\"async\" width=\"770\" height=\"1024\" src=\"https:\/\/aigueperse2026.fr\/wp-content\/uploads\/2026\/01\/Ludovic-COTTE-770x1024.jpeg\" alt=\"\" class=\"wp-image-244 size-full\" srcset=\"https:\/\/aigueperse2026.fr\/wp-content\/uploads\/2026\/01\/Ludovic-COTTE-770x1024.jpeg 770w, https:\/\/aigueperse2026.fr\/wp-content\/uploads\/2026\/01\/Ludovic-COTTE-225x300.jpeg 225w, https:\/\/aigueperse2026.fr\/wp-content\/uploads\/2026\/01\/Ludovic-COTTE-768x1022.jpeg 768w, https:\/\/aigueperse2026.fr\/wp-content\/uploads\/2026\/01\/Ludovic-COTTE-1154x1536.jpeg 1154w, https:\/\/aigueperse2026.fr\/wp-content\/uploads\/2026\/01\/Ludovic-COTTE.jpeg 1536w\" sizes=\"auto, (max-width: 770px) 100vw, 770px\" \/><\/figure><div class=\"wp-block-media-text__content\">\n<p class=\"has-regular-font-size\"><strong>Ludovic COTTE<br><\/strong>Artisan<br>45 ans<\/p>\n<\/div><\/div>\n\n\n\n<p><strong>Mon attachement \u00e0 la commune<\/strong><\/p>\n\n\n\n<p>J\u2019habite \u00e0 Aigueperse depuis 2008. J\u2019aime cette ville \u00e0 taille humaine, o\u00f9 l\u2019on peut cr\u00e9er des liens et o\u00f9 l\u2019essentiel est \u00e0 port\u00e9e de main. J\u2019ai jou\u00e9 plus de quinze ans au rugby au SCA, un club qui m\u2019a beaucoup apport\u00e9 et o\u00f9 j\u2019ai nou\u00e9 des amiti\u00e9s solides. Tout cela fait d\u2019Aigueperse un lieu auquel je suis profond\u00e9ment attach\u00e9.<\/p>\n\n\n\n<p><strong>Pourquoi je m\u2019engage<\/strong><\/p>\n\n\n\n<p>Je souhaite m\u2019investir pour contribuer \u00e0 faire \u00e9voluer la ville. J\u2019aimerais qu\u2019Aigueperse gagne en dynamisme et que l\u2019acc\u00e8s aux m\u00e9decins soit facilit\u00e9 pour tous. Mon engagement part d\u2019une envie simple : participer \u00e0 l\u2019am\u00e9lioration de la vie locale, en m\u2019appuyant sur mon exp\u00e9rience associative, mon sens du collectif et mon attachement sinc\u00e8re \u00e0 la commune.<\/p>\n\n\n\n<p><strong>Mes sujets de pr\u00e9dilection&nbsp;<\/strong><\/p>\n\n\n\n<p>Je souhaite m\u2019engager pour soutenir la vie associative, le sport et les actions en faveur de la jeunesse. Ces domaines jouent un r\u00f4le essentiel pour cr\u00e9er du lien, transmettre des valeurs et offrir des espaces o\u00f9 chacun peut s\u2019\u00e9panouir.<\/p>\n","protected":false},"excerpt":{"rendered":"<p>Ludovic COTTEArtisan45 ans Mon attachement \u00e0 la commune J\u2019habite \u00e0 Aigueperse depuis 2008. J\u2019aime cette ville \u00e0 taille humaine, o\u00f9 l\u2019on peut cr\u00e9er des liens et o\u00f9 l\u2019essentiel est \u00e0 port\u00e9e de main. J\u2019ai jou\u00e9 plus de quinze ans au rugby au SCA, un club qui m\u2019a beaucoup apport\u00e9 et o\u00f9 j\u2019ai nou\u00e9 des amiti\u00e9s [&hellip;]<\/p>\n","protected":false},"author":1,"featured_media":0,"parent":0,"menu_order":0,"comment_status":"closed","ping_status":"closed","template":"","meta":{"advanced_seo_description":"","jetpack_seo_html_title":"","jetpack_seo_noindex":false,"footnotes":""},"class_list":["post-246","page","type-page","status-publish","hentry"],"jetpack_sharing_enabled":true,"_links":{"self":[{"href":"https:\/\/aigueperse2026.fr\/index.php\/wp-json\/wp\/v2\/pages\/246","targetHints":{"allow":["GET"]}}],"collection":[{"href":"https:\/\/aigueperse2026.fr\/index.php\/wp-json\/wp\/v2\/pages"}],"about":[{"href":"https:\/\/aigueperse2026.fr\/index.php\/wp-json\/wp\/v2\/types\/page"}],"author":[{"embeddable":true,"href":"https:\/\/aigueperse2026.fr\/index.php\/wp-json\/wp\/v2\/users\/1"}],"replies":[{"embeddable":true,"href":"https:\/\/aigueperse2026.fr\/index.php\/wp-json\/wp\/v2\/comments?post=246"}],"version-history":[{"count":1,"href":"https:\/\/aigueperse2026.fr\/index.php\/wp-json\/wp\/v2\/pages\/246\/revisions"}],"predecessor-version":[{"id":247,"href":"https:\/\/aigueperse2026.fr\/index.php\/wp-json\/wp\/v2\/pages\/246\/revisions\/247"}],"wp:attachment":[{"href":"https:\/\/aigueperse2026.fr\/index.php\/wp-json\/wp\/v2\/media?parent=246"}],"curies":[{"name":"wp","href":"https:\/\/api.w.org\/{rel}","templated":true}]}}