{"id":238,"date":"2026-01-14T07:00:00","date_gmt":"2026-01-14T06:00:00","guid":{"rendered":"https:\/\/aigueperse2026.fr\/?page_id=238"},"modified":"2026-01-12T13:58:49","modified_gmt":"2026-01-12T12:58:49","slug":"alice-alcacer","status":"publish","type":"page","link":"https:\/\/aigueperse2026.fr\/index.php\/alice-alcacer\/","title":{"rendered":"Alice ALCACER"},"content":{"rendered":"\n<div class=\"wp-block-media-text is-stacked-on-mobile\" style=\"grid-template-columns:15% auto\"><figure class=\"wp-block-media-text__media\"><img loading=\"lazy\" decoding=\"async\" width=\"874\" height=\"1024\" src=\"https:\/\/aigueperse2026.fr\/wp-content\/uploads\/2026\/01\/Alice-ALCACER-OK-874x1024.jpeg\" alt=\"\" class=\"wp-image-239 size-full\" srcset=\"https:\/\/aigueperse2026.fr\/wp-content\/uploads\/2026\/01\/Alice-ALCACER-OK-874x1024.jpeg 874w, https:\/\/aigueperse2026.fr\/wp-content\/uploads\/2026\/01\/Alice-ALCACER-OK-256x300.jpeg 256w, https:\/\/aigueperse2026.fr\/wp-content\/uploads\/2026\/01\/Alice-ALCACER-OK-768x900.jpeg 768w, https:\/\/aigueperse2026.fr\/wp-content\/uploads\/2026\/01\/Alice-ALCACER-OK-1311x1536.jpeg 1311w, https:\/\/aigueperse2026.fr\/wp-content\/uploads\/2026\/01\/Alice-ALCACER-OK.jpeg 1589w\" sizes=\"auto, (max-width: 874px) 100vw, 874px\" \/><\/figure><div class=\"wp-block-media-text__content\">\n<p class=\"has-regular-font-size\"><strong>Alice ALCACER<br><\/strong>Ouvri\u00e8re<br>48 ans<\/p>\n<\/div><\/div>\n\n\n\n<p><strong>Mon attachement \u00e0 la commune <\/strong><\/p>\n\n\n\n<p>Arriv\u00e9e \u00e0 Aigueperse \u00e0 l\u2019\u00e2ge de 5 ans, j\u2019y ai construit toute ma vie. Mes enfants ont suivi leur scolarit\u00e9 dans ses \u00e9coles maternelle et primaire. J\u2019ai contribu\u00e9 \u00e0 la cr\u00e9ation de l\u2019association des parents d\u2019\u00e9l\u00e8ves, des Petits Princes aux Jacquemarts, alors qu\u2019une fermeture de classe \u00e9tait envisag\u00e9e.<\/p>\n\n\n\n<p><strong>Pourquoi je m\u2019engage<\/strong><\/p>\n\n\n\n<p>Je m\u2019engage pour am\u00e9liorer ma qualit\u00e9 de vie \u00e0 Aigueperse, contribuer \u00e0 l\u2019am\u00e9nagement de la commune et accompagner sa transition \u00e9cologique. Je souhaite \u00e9galement soutenir nos commer\u00e7ants et valoriser pleinement leur r\u00f4le dans la vie locale.<\/p>\n\n\n\n<p><strong>Mes sujets de pr\u00e9dilection&nbsp;<\/strong><\/p>\n\n\n\n<p>Je m\u2019int\u00e9resse particuli\u00e8rement aux questions environnementales et aux travaux d\u2019am\u00e9nagement. Ces deux domaines sont, pour moi, au c\u0153ur de la qualit\u00e9 de vie : pr\u00e9server nos ressources, repenser nos espaces, anticiper les usages de demain et cr\u00e9er un cadre harmonieux pour tous.<\/p>\n","protected":false},"excerpt":{"rendered":"<p>Alice ALCACEROuvri\u00e8re48 ans Mon attachement \u00e0 la commune Arriv\u00e9e \u00e0 Aigueperse \u00e0 l\u2019\u00e2ge de 5 ans, j\u2019y ai construit toute ma vie. Mes enfants ont suivi leur scolarit\u00e9 dans ses \u00e9coles maternelle et primaire. J\u2019ai contribu\u00e9 \u00e0 la cr\u00e9ation de l\u2019association des parents d\u2019\u00e9l\u00e8ves, des Petits Princes aux Jacquemarts, alors qu\u2019une fermeture de classe \u00e9tait [&hellip;]<\/p>\n","protected":false},"author":1,"featured_media":0,"parent":0,"menu_order":0,"comment_status":"closed","ping_status":"closed","template":"","meta":{"advanced_seo_description":"","jetpack_seo_html_title":"","jetpack_seo_noindex":false,"footnotes":""},"class_list":["post-238","page","type-page","status-publish","hentry"],"jetpack_sharing_enabled":true,"_links":{"self":[{"href":"https:\/\/aigueperse2026.fr\/index.php\/wp-json\/wp\/v2\/pages\/238","targetHints":{"allow":["GET"]}}],"collection":[{"href":"https:\/\/aigueperse2026.fr\/index.php\/wp-json\/wp\/v2\/pages"}],"about":[{"href":"https:\/\/aigueperse2026.fr\/index.php\/wp-json\/wp\/v2\/types\/page"}],"author":[{"embeddable":true,"href":"https:\/\/aigueperse2026.fr\/index.php\/wp-json\/wp\/v2\/users\/1"}],"replies":[{"embeddable":true,"href":"https:\/\/aigueperse2026.fr\/index.php\/wp-json\/wp\/v2\/comments?post=238"}],"version-history":[{"count":1,"href":"https:\/\/aigueperse2026.fr\/index.php\/wp-json\/wp\/v2\/pages\/238\/revisions"}],"predecessor-version":[{"id":240,"href":"https:\/\/aigueperse2026.fr\/index.php\/wp-json\/wp\/v2\/pages\/238\/revisions\/240"}],"wp:attachment":[{"href":"https:\/\/aigueperse2026.fr\/index.php\/wp-json\/wp\/v2\/media?parent=238"}],"curies":[{"name":"wp","href":"https:\/\/api.w.org\/{rel}","templated":true}]}}