{"id":173,"date":"2026-02-10T07:00:00","date_gmt":"2026-02-10T06:00:00","guid":{"rendered":"https:\/\/aigueperse2026.fr\/?page_id=173"},"modified":"2026-02-09T08:23:46","modified_gmt":"2026-02-09T07:23:46","slug":"benoit-maubert-2","status":"publish","type":"page","link":"https:\/\/aigueperse2026.fr\/index.php\/benoit-maubert-2\/","title":{"rendered":"Beno\u00eet MAUBERT"},"content":{"rendered":"\n<div class=\"wp-block-media-text is-stacked-on-mobile\" style=\"grid-template-columns:15% auto\"><figure class=\"wp-block-media-text__media\"><img loading=\"lazy\" decoding=\"async\" width=\"768\" height=\"1024\" src=\"https:\/\/aigueperse2026.fr\/wp-content\/uploads\/2026\/01\/Benoit-MAUBERT-768x1024.jpeg\" alt=\"\" class=\"wp-image-186 size-full\" srcset=\"https:\/\/aigueperse2026.fr\/wp-content\/uploads\/2026\/01\/Benoit-MAUBERT-768x1024.jpeg 768w, https:\/\/aigueperse2026.fr\/wp-content\/uploads\/2026\/01\/Benoit-MAUBERT-225x300.jpeg 225w, https:\/\/aigueperse2026.fr\/wp-content\/uploads\/2026\/01\/Benoit-MAUBERT-1152x1536.jpeg 1152w, https:\/\/aigueperse2026.fr\/wp-content\/uploads\/2026\/01\/Benoit-MAUBERT.jpeg 1536w\" sizes=\"auto, (max-width: 768px) 100vw, 768px\" \/><\/figure><div class=\"wp-block-media-text__content\">\n<p class=\"has-regular-font-size\">Beno\u00eet MAUBERT<br>Cr\u00e9ateur de contenu pour des personnes d\u00e9ficientes visuelles, centr\u00e9e sur l\u2019accessibilit\u00e9 et l\u2019inclusivit\u00e9.<br>31 ans<\/p>\n<\/div><\/div>\n\n\n\n<p><strong>Mon attachement \u00e0 la commune<\/strong><\/p>\n\n\n\n<p>Mon histoire avec la commune est celle d\u2019un ancrage profond. Depuis 25 ans, j\u2019y ai grandi, \u00e9tudi\u00e9 et particip\u00e9 \u00e0 sa vie collective, avec quelques parenth\u00e8ses consacr\u00e9es \u00e0 mes \u00e9tudes en droit et en sciences politiques.<\/p>\n\n\n\n<p>Tr\u00e8s t\u00f4t, j\u2019ai eu la chance de repr\u00e9senter les Aiguepersois de mon \u00e2ge au sein du Conseil Municipal des Jeunes. Cette exp\u00e9rience fondatrice m\u2019a initi\u00e9e \u00e0 la vie publique, au fonctionnement d\u00e9mocratique et \u00e0 la prise de d\u00e9cision collective.<\/p>\n\n\n\n<p>En parall\u00e8le, j\u2019ai rejoint l\u2019\u00e9cole de musique de la commune, o\u00f9 j\u2019ai appris le saxophone et le solf\u00e8ge. Cette formation m\u2019a ouvert les portes de l\u2019harmonie municipale et a nourri mon sens du collectif. Elle a aussi renforc\u00e9 mon attachement \u00e0 la vie culturelle locale, qui fait partie int\u00e9grante de l\u2019identit\u00e9 de notre territoire.<\/p>\n\n\n\n<p><strong>Pourquoi je m\u2019engage<\/strong><\/p>\n\n\n\n<p>Au fil des ann\u00e9es, cette commune est devenue bien plus qu\u2019un lieu o\u00f9 je vis. Elle a accompagn\u00e9 mon parcours personnel, artistique et citoyen. Aujourd\u2019hui, j\u2019ai simplement envie de continuer \u00e0 m\u2019y investir et de mettre mes comp\u00e9tences au service de son d\u00e9veloppement.<\/p>\n\n\n\n<p>Mon propre parcours face \u00e0 la perte d\u2019autonomie m\u2019a \u00e9galement sensibilis\u00e9 \u00e0 l\u2019importance d\u2019un espace public accessible, pens\u00e9 pour tous. Je souhaite contribuer \u00e0 faire progresser cette prise de conscience et encourager des am\u00e9nagements qui facilitent la vie quotidienne de chacun.<\/p>\n\n\n\n<p>C\u2019est dans cet esprit que je souhaite m\u2019engager aux c\u00f4t\u00e9s de Christophe Cl\u00e9mente et de son \u00e9quipe, autour d\u2019un projet renouvel\u00e9, ambitieux et pragmatique, au service des habitants.&nbsp;<\/p>\n\n\n\n<p><strong>Mes sujets de pr\u00e9dilection&nbsp;<\/strong><\/p>\n\n\n\n<p>Les finances ont toujours \u00e9t\u00e9 un domaine qui m\u2019int\u00e9resse. C\u2019est un sujet parfois redout\u00e9, mais il est pourtant essentiel pour assurer une gestion communale solide. Une organisation rigoureuse, efficace et proche des r\u00e9alit\u00e9s du terrain permet d\u2019offrir plus de services et de mieux r\u00e9pondre aux besoins des habitants.<\/p>\n\n\n\n<p>Je m\u2019int\u00e9resse \u00e9galement \u00e0 l\u2019urbanisme et au d\u00e9veloppement \u00e9conomique, deux leviers indispensables pour renforcer l\u2019attractivit\u00e9 de notre commune et pr\u00e9parer son avenir.<\/p>\n","protected":false},"excerpt":{"rendered":"<p>Beno\u00eet MAUBERTCr\u00e9ateur de contenu pour des personnes d\u00e9ficientes visuelles, centr\u00e9e sur l\u2019accessibilit\u00e9 et l\u2019inclusivit\u00e9.31 ans Mon attachement \u00e0 la commune Mon histoire avec la commune est celle d\u2019un ancrage profond. Depuis 25 ans, j\u2019y ai grandi, \u00e9tudi\u00e9 et particip\u00e9 \u00e0 sa vie collective, avec quelques parenth\u00e8ses consacr\u00e9es \u00e0 mes \u00e9tudes en droit et en sciences [&hellip;]<\/p>\n","protected":false},"author":1,"featured_media":0,"parent":0,"menu_order":0,"comment_status":"closed","ping_status":"closed","template":"","meta":{"advanced_seo_description":"","jetpack_seo_html_title":"","jetpack_seo_noindex":false,"footnotes":""},"class_list":["post-173","page","type-page","status-publish","hentry"],"jetpack_sharing_enabled":true,"_links":{"self":[{"href":"https:\/\/aigueperse2026.fr\/index.php\/wp-json\/wp\/v2\/pages\/173","targetHints":{"allow":["GET"]}}],"collection":[{"href":"https:\/\/aigueperse2026.fr\/index.php\/wp-json\/wp\/v2\/pages"}],"about":[{"href":"https:\/\/aigueperse2026.fr\/index.php\/wp-json\/wp\/v2\/types\/page"}],"author":[{"embeddable":true,"href":"https:\/\/aigueperse2026.fr\/index.php\/wp-json\/wp\/v2\/users\/1"}],"replies":[{"embeddable":true,"href":"https:\/\/aigueperse2026.fr\/index.php\/wp-json\/wp\/v2\/comments?post=173"}],"version-history":[{"count":2,"href":"https:\/\/aigueperse2026.fr\/index.php\/wp-json\/wp\/v2\/pages\/173\/revisions"}],"predecessor-version":[{"id":193,"href":"https:\/\/aigueperse2026.fr\/index.php\/wp-json\/wp\/v2\/pages\/173\/revisions\/193"}],"wp:attachment":[{"href":"https:\/\/aigueperse2026.fr\/index.php\/wp-json\/wp\/v2\/media?parent=173"}],"curies":[{"name":"wp","href":"https:\/\/api.w.org\/{rel}","templated":true}]}}