{"id":171,"date":"2026-01-28T07:00:00","date_gmt":"2026-01-28T06:00:00","guid":{"rendered":"https:\/\/aigueperse2026.fr\/?page_id=171"},"modified":"2026-01-26T08:57:22","modified_gmt":"2026-01-26T07:57:22","slug":"thomas-camus-2","status":"publish","type":"page","link":"https:\/\/aigueperse2026.fr\/index.php\/thomas-camus-2\/","title":{"rendered":"Thomas CAMUS"},"content":{"rendered":"\n<div class=\"wp-block-media-text is-stacked-on-mobile\" style=\"grid-template-columns:15% auto\"><figure class=\"wp-block-media-text__media\"><img loading=\"lazy\" decoding=\"async\" width=\"768\" height=\"1024\" src=\"https:\/\/aigueperse2026.fr\/wp-content\/uploads\/2026\/01\/Thomas-CAMUS-768x1024.jpeg\" alt=\"\" class=\"wp-image-183 size-full\" srcset=\"https:\/\/aigueperse2026.fr\/wp-content\/uploads\/2026\/01\/Thomas-CAMUS-768x1024.jpeg 768w, https:\/\/aigueperse2026.fr\/wp-content\/uploads\/2026\/01\/Thomas-CAMUS-225x300.jpeg 225w, https:\/\/aigueperse2026.fr\/wp-content\/uploads\/2026\/01\/Thomas-CAMUS-1152x1536.jpeg 1152w, https:\/\/aigueperse2026.fr\/wp-content\/uploads\/2026\/01\/Thomas-CAMUS-1536x2048.jpeg 1536w, https:\/\/aigueperse2026.fr\/wp-content\/uploads\/2026\/01\/Thomas-CAMUS-scaled.jpeg 1920w\" sizes=\"auto, (max-width: 768px) 100vw, 768px\" \/><\/figure><div class=\"wp-block-media-text__content\">\n<p class=\"has-regular-font-size\"><strong>Thomas CAMUS<\/strong><br>Chauffeur routier<br>44 ans<\/p>\n<\/div><\/div>\n\n\n\n<p><strong>Mon attachement \u00e0 la commune <\/strong><\/p>\n\n\n\n<p>J\u2019habite \u00e0 Aigueperse depuis une dizaine d\u2019ann\u00e9es. Arriv\u00e9 en Auvergne un peu par hasard \u00e9tant enfant pour des raisons de sant\u00e9, j\u2019ai d\u2019abord v\u00e9cu \u00e0 Gerzat puis j\u2019ai eu envie de me rapprocher de la campagne tout en b\u00e9n\u00e9ficiant d\u2019un bon acc\u00e8s aux principaux p\u00f4les de services. Aigueperse s\u2019est impos\u00e9e naturellement : une commune \u00e0 taille humaine bien situ\u00e9e pour quelqu\u2019un comme moi qui passe la semaine sur la route. J\u2019y ai retrouv\u00e9 une ville au charme de la campagne, avec un potentiel encore \u00e0 d\u00e9velopper. C\u2019est ce qui m\u2019a donn\u00e9 envie de m\u2019investir dans la vie de la commune, comme je le fais aussi dans mon entreprise o\u00f9 je suis repr\u00e9sentant du personnel.<\/p>\n\n\n\n<p><strong>Pourquoi je m\u2019engage<\/strong><\/p>\n\n\n\n<p>Je suis convaincu que le changement ne peut se concr\u00e9tiser que si l\u2019on s\u2019engage. C\u2019est pourquoi j\u2019ai choisi de rejoindre une liste jeune et dynamique, porteuse de valeurs qui me ressemblent : retisser du lien social entre les habitants, redonner de l\u2019\u00e9lan au c\u0153ur de ville et inscrire nos actions dans une \u00e9cologie \u00e0 la fois vertueuse et solidaire. J\u2019ai envie de participer \u00e0 une dynamique collective capable de r\u00e9v\u00e9ler pleinement tous les atouts d\u2019Aigueperse.<\/p>\n\n\n\n<p><strong>Mes sujets de pr\u00e9dilection<\/strong><\/p>\n\n\n\n<p>Jeunesse, environnement, finances, solidarit\u00e9 et culture : cinq piliers pour une commune vivante et responsable. La culture tient une place particuli\u00e8re dans mon engagement, nourrie par mon b\u00e9n\u00e9volat dans une salle de concert du secteur.<\/p>\n","protected":false},"excerpt":{"rendered":"<p>Thomas CAMUSChauffeur routier44 ans Mon attachement \u00e0 la commune J\u2019habite \u00e0 Aigueperse depuis une dizaine d\u2019ann\u00e9es. Arriv\u00e9 en Auvergne un peu par hasard \u00e9tant enfant pour des raisons de sant\u00e9, j\u2019ai d\u2019abord v\u00e9cu \u00e0 Gerzat puis j\u2019ai eu envie de me rapprocher de la campagne tout en b\u00e9n\u00e9ficiant d\u2019un bon acc\u00e8s aux principaux p\u00f4les de [&hellip;]<\/p>\n","protected":false},"author":1,"featured_media":0,"parent":0,"menu_order":0,"comment_status":"closed","ping_status":"closed","template":"","meta":{"advanced_seo_description":"","jetpack_seo_html_title":"","jetpack_seo_noindex":false,"footnotes":""},"class_list":["post-171","page","type-page","status-publish","hentry"],"jetpack_sharing_enabled":true,"_links":{"self":[{"href":"https:\/\/aigueperse2026.fr\/index.php\/wp-json\/wp\/v2\/pages\/171","targetHints":{"allow":["GET"]}}],"collection":[{"href":"https:\/\/aigueperse2026.fr\/index.php\/wp-json\/wp\/v2\/pages"}],"about":[{"href":"https:\/\/aigueperse2026.fr\/index.php\/wp-json\/wp\/v2\/types\/page"}],"author":[{"embeddable":true,"href":"https:\/\/aigueperse2026.fr\/index.php\/wp-json\/wp\/v2\/users\/1"}],"replies":[{"embeddable":true,"href":"https:\/\/aigueperse2026.fr\/index.php\/wp-json\/wp\/v2\/comments?post=171"}],"version-history":[{"count":2,"href":"https:\/\/aigueperse2026.fr\/index.php\/wp-json\/wp\/v2\/pages\/171\/revisions"}],"predecessor-version":[{"id":202,"href":"https:\/\/aigueperse2026.fr\/index.php\/wp-json\/wp\/v2\/pages\/171\/revisions\/202"}],"wp:attachment":[{"href":"https:\/\/aigueperse2026.fr\/index.php\/wp-json\/wp\/v2\/media?parent=171"}],"curies":[{"name":"wp","href":"https:\/\/api.w.org\/{rel}","templated":true}]}}