{"id":169,"date":"2026-02-05T07:00:00","date_gmt":"2026-02-05T06:00:00","guid":{"rendered":"https:\/\/aigueperse2026.fr\/?page_id=169"},"modified":"2026-02-04T10:11:53","modified_gmt":"2026-02-04T09:11:53","slug":"edith-marchal-2","status":"publish","type":"page","link":"https:\/\/aigueperse2026.fr\/index.php\/edith-marchal-2\/","title":{"rendered":"Edith MARCHAL"},"content":{"rendered":"\n<div class=\"wp-block-media-text is-stacked-on-mobile\" style=\"grid-template-columns:15% auto\"><figure class=\"wp-block-media-text__media\"><img loading=\"lazy\" decoding=\"async\" width=\"768\" height=\"1024\" src=\"https:\/\/aigueperse2026.fr\/wp-content\/uploads\/2026\/01\/Edith-MARCHAL-768x1024.jpeg\" alt=\"\" class=\"wp-image-189 size-full\" srcset=\"https:\/\/aigueperse2026.fr\/wp-content\/uploads\/2026\/01\/Edith-MARCHAL-768x1024.jpeg 768w, https:\/\/aigueperse2026.fr\/wp-content\/uploads\/2026\/01\/Edith-MARCHAL-225x300.jpeg 225w, https:\/\/aigueperse2026.fr\/wp-content\/uploads\/2026\/01\/Edith-MARCHAL-1152x1536.jpeg 1152w, https:\/\/aigueperse2026.fr\/wp-content\/uploads\/2026\/01\/Edith-MARCHAL.jpeg 1536w\" sizes=\"auto, (max-width: 768px) 100vw, 768px\" \/><\/figure><div class=\"wp-block-media-text__content\">\n<p class=\"has-regular-font-size\"><strong>Edith MARCHAL<\/strong><br>Retrait\u00e9e<br>68 ans<\/p>\n<\/div><\/div>\n\n\n\n<p><strong>Mon attachement \u00e0 la commune<\/strong><\/p>\n\n\n\n<p>J\u2019habite \u00e0 Aigueperse depuis quarante ans, la ville o\u00f9 j\u2019ai eu la joie d\u2019\u00e9lever mes enfants. J\u2019y ai exerc\u00e9 pendant quatorze ans le m\u00e9tier d\u2019assistante de vie, puis celui d\u2019assistante maternelle. Rendre service aux autres a toujours \u00e9t\u00e9 au c\u0153ur de mon parcours.<\/p>\n\n\n\n<p>Je connais bien Aigueperse et j\u2019aime y vivre pour de nombreuses raisons : les commerces et services essentiels sont accessibles \u00e0 pied, et le tissu associatif y est \u00e0 la fois riche et convivial. Je suis membre d\u2019Aigueperse pour tous, o\u00f9 je pratique le swiss ball.<\/p>\n\n\n\n<p>Depuis 2020, je si\u00e8ge \u00e9galement au CCAS, qui accompagne les personnes les plus fragiles. Je fais aussi partie du CIAS de la communaut\u00e9 de communes Plaine Limagne, notamment impliqu\u00e9 dans le service d\u2019Aide \u00e0 domicile.<\/p>\n\n\n\n<p><strong>Pourquoi je m\u2019engage<\/strong><\/p>\n\n\n\n<p>Aujourd\u2019hui, je veux mettre mon exp\u00e9rience au service de tous. Je souhaite contribuer \u00e0 une ville o\u00f9 chacun se sent \u00e9cout\u00e9, soutenu et respect\u00e9, en apportant ma connaissance du terrain et mon engagement aupr\u00e8s des plus fragiles.<\/p>\n\n\n\n<p>Je connais Christophe depuis qu\u2019il est tout jeune. Je connais ses valeurs, son sens des responsabilit\u00e9s et son attachement au service public. C\u2019est en toute confiance que je rejoins son \u00e9quipe pour construire un nouveau projet pour Aigueperse.<\/p>\n\n\n\n<p><strong>Mes sujets de pr\u00e9dilection&nbsp;<\/strong><\/p>\n\n\n\n<p>J\u2019ai une app\u00e9tence particuli\u00e8re pour la culture : j\u2019assiste r\u00e9guli\u00e8rement \u00e0 des concerts et \u00e0 des spectacles vivants, qui sont pour moi une v\u00e9ritable source d\u2019\u00e9nergie et de lien social. Les actions solidaires, notamment aupr\u00e8s des plus fragiles, me tiennent profond\u00e9ment \u00e0 c\u0153ur, tout comme le soutien aux associations qui jouent un r\u00f4le essentiel dans la vie de notre commune.<\/p>\n","protected":false},"excerpt":{"rendered":"<p>Edith MARCHALRetrait\u00e9e68 ans Mon attachement \u00e0 la commune J\u2019habite \u00e0 Aigueperse depuis quarante ans, la ville o\u00f9 j\u2019ai eu la joie d\u2019\u00e9lever mes enfants. J\u2019y ai exerc\u00e9 pendant quatorze ans le m\u00e9tier d\u2019assistante de vie, puis celui d\u2019assistante maternelle. Rendre service aux autres a toujours \u00e9t\u00e9 au c\u0153ur de mon parcours. Je connais bien Aigueperse [&hellip;]<\/p>\n","protected":false},"author":1,"featured_media":0,"parent":0,"menu_order":0,"comment_status":"closed","ping_status":"closed","template":"","meta":{"advanced_seo_description":"","jetpack_seo_html_title":"","jetpack_seo_noindex":false,"footnotes":""},"class_list":["post-169","page","type-page","status-publish","hentry"],"jetpack_sharing_enabled":true,"_links":{"self":[{"href":"https:\/\/aigueperse2026.fr\/index.php\/wp-json\/wp\/v2\/pages\/169","targetHints":{"allow":["GET"]}}],"collection":[{"href":"https:\/\/aigueperse2026.fr\/index.php\/wp-json\/wp\/v2\/pages"}],"about":[{"href":"https:\/\/aigueperse2026.fr\/index.php\/wp-json\/wp\/v2\/types\/page"}],"author":[{"embeddable":true,"href":"https:\/\/aigueperse2026.fr\/index.php\/wp-json\/wp\/v2\/users\/1"}],"replies":[{"embeddable":true,"href":"https:\/\/aigueperse2026.fr\/index.php\/wp-json\/wp\/v2\/comments?post=169"}],"version-history":[{"count":2,"href":"https:\/\/aigueperse2026.fr\/index.php\/wp-json\/wp\/v2\/pages\/169\/revisions"}],"predecessor-version":[{"id":196,"href":"https:\/\/aigueperse2026.fr\/index.php\/wp-json\/wp\/v2\/pages\/169\/revisions\/196"}],"wp:attachment":[{"href":"https:\/\/aigueperse2026.fr\/index.php\/wp-json\/wp\/v2\/media?parent=169"}],"curies":[{"name":"wp","href":"https:\/\/api.w.org\/{rel}","templated":true}]}}