{"id":167,"date":"2026-01-26T07:00:00","date_gmt":"2026-01-26T06:00:00","guid":{"rendered":"https:\/\/aigueperse2026.fr\/?page_id=167"},"modified":"2026-01-25T20:18:44","modified_gmt":"2026-01-25T19:18:44","slug":"aline-besson-2","status":"publish","type":"page","link":"https:\/\/aigueperse2026.fr\/index.php\/aline-besson-2\/","title":{"rendered":"Aline BESSON"},"content":{"rendered":"\n<div class=\"wp-block-media-text is-stacked-on-mobile\" style=\"grid-template-columns:15% auto\"><figure class=\"wp-block-media-text__media\"><img loading=\"lazy\" decoding=\"async\" width=\"768\" height=\"1024\" src=\"https:\/\/aigueperse2026.fr\/wp-content\/uploads\/2026\/01\/Aline-BESSON-768x1024.jpeg\" alt=\"\" class=\"wp-image-184 size-full\" srcset=\"https:\/\/aigueperse2026.fr\/wp-content\/uploads\/2026\/01\/Aline-BESSON-768x1024.jpeg 768w, https:\/\/aigueperse2026.fr\/wp-content\/uploads\/2026\/01\/Aline-BESSON-225x300.jpeg 225w, https:\/\/aigueperse2026.fr\/wp-content\/uploads\/2026\/01\/Aline-BESSON-1152x1536.jpeg 1152w, https:\/\/aigueperse2026.fr\/wp-content\/uploads\/2026\/01\/Aline-BESSON.jpeg 1536w\" sizes=\"auto, (max-width: 768px) 100vw, 768px\" \/><\/figure><div class=\"wp-block-media-text__content\">\n<p class=\"has-regular-font-size\"><strong>Aline BESSON<\/strong><br>Assistante juridique<br>45 ans<\/p>\n<\/div><\/div>\n\n\n\n<p><strong>Mon attachement \u00e0 la commune<\/strong><\/p>\n\n\n\n<p>Habitante d\u2019Aigueperse depuis seize ans, je connais cette ville depuis mon enfance. Mes grands-parents y poss\u00e9daient des vergers o\u00f9 je venais plusieurs fois par an, et mon p\u00e8re m\u2019a transmis de nombreux souvenirs. Tr\u00e8s attach\u00e9 \u00e0 Aigueperse, il a grandi dans la Grande Rue, ce qui a renforc\u00e9 notre lien familial avec la commune.<\/p>\n\n\n\n<p>C\u2019est naturellement pour toutes ces raisons que j\u2019ai choisi de m\u2019y installer avec mon mari et nos deux gar\u00e7ons. Aigueperse offre par ailleurs une situation g\u00e9ographique id\u00e9ale et tous les services n\u00e9cessaires, permettant aux enfants de gagner rapidement en autonomie.<\/p>\n\n\n\n<p>Engag\u00e9e dans la vie locale, j\u2019ai \u00e9t\u00e9 tr\u00e9sori\u00e8re de l\u2019APE et repr\u00e9sentante des parents d\u2019\u00e9l\u00e8ves lorsque mes enfants \u00e9taient scolaris\u00e9s \u00e0 l\u2019\u00e9cole \u00e9l\u00e9mentaire.<\/p>\n\n\n\n<p><strong>Pourquoi je m\u2019engage<\/strong><\/p>\n\n\n\n<p>Je souhaite m\u2019engager aux c\u00f4t\u00e9s de Christophe Cl\u00e9mente et de son \u00e9quipe, car nous partageons une m\u00eame vision pour l\u2019avenir d\u2019Aigueperse. Je m\u2019engage \u00e9galement pour \u00eatre utile et contribuer \u00e0 des d\u00e9cisions qui r\u00e9pondent r\u00e9ellement aux besoins des habitants et participent \u00e0 dynamiser notre ville.<\/p>\n\n\n\n<p><strong>Mes sujets de pr\u00e9dilection&nbsp;<\/strong><\/p>\n\n\n\n<p>J\u2019ai un int\u00e9r\u00eat marqu\u00e9 pour la recherche de financements et la gestion de projet, deux leviers essentiels pour concr\u00e9tiser des actions utiles et durables. Je suis \u00e9galement tr\u00e8s attentive au cadre de vie, \u00e0 l\u2019am\u00e9nagement et \u00e0 la v\u00e9g\u00e9talisation, des domaines qui contribuent directement au bien-\u00eatre quotidien des habitants et \u00e0 l\u2019attractivit\u00e9 de notre commune.<\/p>\n","protected":false},"excerpt":{"rendered":"<p>Aline BESSONAssistante juridique45 ans Mon attachement \u00e0 la commune Habitante d\u2019Aigueperse depuis seize ans, je connais cette ville depuis mon enfance. Mes grands-parents y poss\u00e9daient des vergers o\u00f9 je venais plusieurs fois par an, et mon p\u00e8re m\u2019a transmis de nombreux souvenirs. Tr\u00e8s attach\u00e9 \u00e0 Aigueperse, il a grandi dans la Grande Rue, ce qui [&hellip;]<\/p>\n","protected":false},"author":1,"featured_media":0,"parent":0,"menu_order":0,"comment_status":"closed","ping_status":"closed","template":"","meta":{"advanced_seo_description":"","jetpack_seo_html_title":"","jetpack_seo_noindex":false,"footnotes":""},"class_list":["post-167","page","type-page","status-publish","hentry"],"jetpack_sharing_enabled":true,"_links":{"self":[{"href":"https:\/\/aigueperse2026.fr\/index.php\/wp-json\/wp\/v2\/pages\/167","targetHints":{"allow":["GET"]}}],"collection":[{"href":"https:\/\/aigueperse2026.fr\/index.php\/wp-json\/wp\/v2\/pages"}],"about":[{"href":"https:\/\/aigueperse2026.fr\/index.php\/wp-json\/wp\/v2\/types\/page"}],"author":[{"embeddable":true,"href":"https:\/\/aigueperse2026.fr\/index.php\/wp-json\/wp\/v2\/users\/1"}],"replies":[{"embeddable":true,"href":"https:\/\/aigueperse2026.fr\/index.php\/wp-json\/wp\/v2\/comments?post=167"}],"version-history":[{"count":2,"href":"https:\/\/aigueperse2026.fr\/index.php\/wp-json\/wp\/v2\/pages\/167\/revisions"}],"predecessor-version":[{"id":192,"href":"https:\/\/aigueperse2026.fr\/index.php\/wp-json\/wp\/v2\/pages\/167\/revisions\/192"}],"wp:attachment":[{"href":"https:\/\/aigueperse2026.fr\/index.php\/wp-json\/wp\/v2\/media?parent=167"}],"curies":[{"name":"wp","href":"https:\/\/api.w.org\/{rel}","templated":true}]}}