{"id":163,"date":"2026-01-18T08:00:00","date_gmt":"2026-01-18T07:00:00","guid":{"rendered":"https:\/\/aigueperse2026.fr\/?page_id=163"},"modified":"2026-01-16T14:42:02","modified_gmt":"2026-01-16T13:42:02","slug":"julie-aparicio-2","status":"publish","type":"page","link":"https:\/\/aigueperse2026.fr\/index.php\/julie-aparicio-2\/","title":{"rendered":"Julie APARICIO"},"content":{"rendered":"\n<div class=\"wp-block-media-text is-stacked-on-mobile\" style=\"grid-template-columns:15% auto\"><figure class=\"wp-block-media-text__media\"><img loading=\"lazy\" decoding=\"async\" width=\"768\" height=\"1024\" src=\"https:\/\/aigueperse2026.fr\/wp-content\/uploads\/2026\/01\/Julie-APARICIO-768x1024.jpeg\" alt=\"\" class=\"wp-image-179 size-full\" srcset=\"https:\/\/aigueperse2026.fr\/wp-content\/uploads\/2026\/01\/Julie-APARICIO-768x1024.jpeg 768w, https:\/\/aigueperse2026.fr\/wp-content\/uploads\/2026\/01\/Julie-APARICIO-225x300.jpeg 225w, https:\/\/aigueperse2026.fr\/wp-content\/uploads\/2026\/01\/Julie-APARICIO-1152x1536.jpeg 1152w, https:\/\/aigueperse2026.fr\/wp-content\/uploads\/2026\/01\/Julie-APARICIO.jpeg 1536w\" sizes=\"auto, (max-width: 768px) 100vw, 768px\" \/><\/figure><div class=\"wp-block-media-text__content\">\n<p class=\"has-regular-font-size\"><strong>Julie APARICIO <br><\/strong>Responsable des collections dans un mus\u00e9e<br>34 ans<\/p>\n<\/div><\/div>\n\n\n\n<p><strong>Mon attachement \u00e0 la commune<\/strong><\/p>\n\n\n\n<p>J\u2019ai grandi \u00e0 Aigueperse, o\u00f9 j\u2019ai effectu\u00e9 toute ma scolarit\u00e9. Apr\u00e8s une dizaine d\u2019ann\u00e9es pass\u00e9es hors de ma ville de c\u0153ur pour poursuivre des \u00e9tudes d\u2019Histoire de l\u2019Art, j\u2019ai choisi de revenir m\u2019y installer, proche de ma famille. Aujourd\u2019hui, je souhaite m\u2019investir pleinement dans la vie de notre commune, tout comme mon p\u00e8re Jos\u00e9 l\u2019a fait pendant de nombreuses ann\u00e9es au sein du club de football. Sportive, j\u2019ai longtemps jou\u00e9 au basket au sein du club d\u2019Aigueperse. Tr\u00e8s attach\u00e9e \u00e0 la culture, j\u2019aime profond\u00e9ment notre ville pour la richesse et la diversit\u00e9 de son histoire et de son patrimoine.<\/p>\n\n\n\n<p><strong>Pourquoi je m\u2019engage<\/strong><\/p>\n\n\n\n<p>Je suis profond\u00e9ment attach\u00e9e \u00e0 la qualit\u00e9 de vie de notre commune et au bien\u2011\u00eatre de ses habitants. Je souhaite m\u2019impliquer activement, \u00eatre \u00e0 l\u2019\u00e9coute de chacun et contribuer \u00e0 des actions concr\u00e8tes au service de tous.<\/p>\n\n\n\n<p>Mon engagement vise \u00e9galement \u00e0 pr\u00e9server l\u2019identit\u00e9 d\u2019Aigueperse et \u00e0 valoriser son patrimoine. Je souhaite mettre mes comp\u00e9tences au service de la commune, notamment dans les domaines de la culture et du patrimoine, afin de participer \u00e0 leur transmission et \u00e0 leur mise en valeur.<\/p>\n\n\n\n<p><strong>Mes sujets de pr\u00e9dilection&nbsp;<\/strong><\/p>\n\n\n\n<p>Mes sujets de pr\u00e9dilection sont la culture et le patrimoine, en lien direct avec ma formation et mon m\u00e9tier. J\u2019aime comprendre, pr\u00e9server et transmettre ce qui fait l\u2019identit\u00e9 d\u2019un lieu. Je m\u2019int\u00e9resse aussi \u00e0 tout ce qui touche \u00e0 la vie locale, car c\u2019est l\u00e0 que se construit le lien entre les habitants et que naissent les projets qui font vivre une commune.<\/p>\n","protected":false},"excerpt":{"rendered":"<p>Julie APARICIO Responsable des collections dans un mus\u00e9e34 ans Mon attachement \u00e0 la commune J\u2019ai grandi \u00e0 Aigueperse, o\u00f9 j\u2019ai effectu\u00e9 toute ma scolarit\u00e9. Apr\u00e8s une dizaine d\u2019ann\u00e9es pass\u00e9es hors de ma ville de c\u0153ur pour poursuivre des \u00e9tudes d\u2019Histoire de l\u2019Art, j\u2019ai choisi de revenir m\u2019y installer, proche de ma famille. Aujourd\u2019hui, je souhaite [&hellip;]<\/p>\n","protected":false},"author":1,"featured_media":0,"parent":0,"menu_order":0,"comment_status":"closed","ping_status":"closed","template":"","meta":{"advanced_seo_description":"","jetpack_seo_html_title":"","jetpack_seo_noindex":false,"footnotes":""},"class_list":["post-163","page","type-page","status-publish","hentry"],"jetpack_sharing_enabled":true,"_links":{"self":[{"href":"https:\/\/aigueperse2026.fr\/index.php\/wp-json\/wp\/v2\/pages\/163","targetHints":{"allow":["GET"]}}],"collection":[{"href":"https:\/\/aigueperse2026.fr\/index.php\/wp-json\/wp\/v2\/pages"}],"about":[{"href":"https:\/\/aigueperse2026.fr\/index.php\/wp-json\/wp\/v2\/types\/page"}],"author":[{"embeddable":true,"href":"https:\/\/aigueperse2026.fr\/index.php\/wp-json\/wp\/v2\/users\/1"}],"replies":[{"embeddable":true,"href":"https:\/\/aigueperse2026.fr\/index.php\/wp-json\/wp\/v2\/comments?post=163"}],"version-history":[{"count":2,"href":"https:\/\/aigueperse2026.fr\/index.php\/wp-json\/wp\/v2\/pages\/163\/revisions"}],"predecessor-version":[{"id":198,"href":"https:\/\/aigueperse2026.fr\/index.php\/wp-json\/wp\/v2\/pages\/163\/revisions\/198"}],"wp:attachment":[{"href":"https:\/\/aigueperse2026.fr\/index.php\/wp-json\/wp\/v2\/media?parent=163"}],"curies":[{"name":"wp","href":"https:\/\/api.w.org\/{rel}","templated":true}]}}