{"id":161,"date":"2026-02-02T07:00:00","date_gmt":"2026-02-02T06:00:00","guid":{"rendered":"https:\/\/aigueperse2026.fr\/?page_id=161"},"modified":"2026-02-01T11:41:09","modified_gmt":"2026-02-01T10:41:09","slug":"druet-joel","status":"publish","type":"page","link":"https:\/\/aigueperse2026.fr\/index.php\/druet-joel\/","title":{"rendered":"DRUET Jo\u00ebl"},"content":{"rendered":"\n<div class=\"wp-block-media-text is-stacked-on-mobile\" style=\"grid-template-columns:15% auto\"><figure class=\"wp-block-media-text__media\"><img loading=\"lazy\" decoding=\"async\" width=\"768\" height=\"1024\" src=\"https:\/\/aigueperse2026.fr\/wp-content\/uploads\/2026\/01\/Joel-DRUET-768x1024.jpeg\" alt=\"\" class=\"wp-image-178 size-full\" srcset=\"https:\/\/aigueperse2026.fr\/wp-content\/uploads\/2026\/01\/Joel-DRUET-768x1024.jpeg 768w, https:\/\/aigueperse2026.fr\/wp-content\/uploads\/2026\/01\/Joel-DRUET-225x300.jpeg 225w, https:\/\/aigueperse2026.fr\/wp-content\/uploads\/2026\/01\/Joel-DRUET-1152x1536.jpeg 1152w, https:\/\/aigueperse2026.fr\/wp-content\/uploads\/2026\/01\/Joel-DRUET.jpeg 1536w\" sizes=\"auto, (max-width: 768px) 100vw, 768px\" \/><\/figure><div class=\"wp-block-media-text__content\">\n<p class=\"has-regular-font-size\"><strong>DRUET Jo\u00ebl<\/strong><br>Responsable P\u00f4le technique du Conservatoire (Danse Musique Th\u00e9\u00e2tre) de Clermont Auvergne M\u00e9tropole.<br>55 ans<\/p>\n<\/div><\/div>\n\n\n\n<p><strong>Mon attachement \u00e0 la commune<\/strong><\/p>\n\n\n\n<p>Habitant d\u2019Aigueperse depuis toujours, je suis Aiguepersois presque de naissance et profond\u00e9ment attach\u00e9 \u00e0 ma commune, o\u00f9 je me suis toujours beaucoup investi. Pendant une vingtaine d\u2019ann\u00e9es, j\u2019ai particip\u00e9 activement \u00e0 la vie associative locale : l\u2019Association des Jeunes d\u2019Aigueperse (AJA), bien connue de ma g\u00e9n\u00e9ration, l\u2019Association La\u00efque et Sportive d\u2019Aigueperse (ASLA), l\u2019Aigueperse Basket Club (ABC) dont j\u2019ai eu l\u2019honneur d\u2019\u00eatre pr\u00e9sident, ainsi que le Football Club Aiguepersois (FCA). Je suis aujourd\u2019hui membre de la section d\u2019Aigueperse de l\u2019Union Nationale des Combattants (UNC), en tant que soldat de France.<\/p>\n\n\n\n<p>Par ailleurs, de 1995 \u00e0 2001, j\u2019ai exerc\u00e9 la fonction de conseiller municipal d\u2019Aigueperse.<\/p>\n\n\n\n<p><strong>Pourquoi je m\u2019engage<\/strong><\/p>\n\n\n\n<p>Fort d\u2019une exp\u00e9rience de 35 ans de service public et d\u2019un engagement dans des associations d\u2019Aigueperse, je veux m\u2019engager pour et avec les habitants d\u2019Aigueperse. Je veux travailler avec toutes et tous pour maintenir et am\u00e9liorer la qualit\u00e9 et le cadre de vie de notre belle cit\u00e9&nbsp;: <em>\u00ab&nbsp;je suis un adepte de la d\u00e9mocratie participative&nbsp;\u00bb.<\/em><\/p>\n\n\n\n<p>Je veux pouvoir \u00e9couter, partager et \u00e9changer des exp\u00e9riences de vie, des opinions diverses, des projets&nbsp;: cultiver les diff\u00e9rences entre Aiguepersoises et Aiguepersois afin d\u2019apporter les meilleurs atouts \u00e0 notre ville. <em>ENSEMBLE, ON EST MEILLEUR&nbsp;!<\/em><\/p>\n\n\n\n<p><strong>Mes sujets de pr\u00e9dilection<\/strong><\/p>\n\n\n\n<p>Mes centres d\u2019int\u00e9r\u00eat sont les associations, la culture, la jeunesse, la solidarit\u00e9. De mani\u00e8re transversale, j\u2019aimerais encourager les jeunes \u00e0 s\u2019engager pour pr\u00e9parer la ville de demain, avec la complicit\u00e9 des g\u00e9n\u00e9rations plus \u00e2g\u00e9es. Il me tient \u00e0 c\u0153ur de leur transmettre des valeurs essentielles&nbsp;: la pr\u00e9servation de notre patrimoine commun, le respect du travail accompli par nos \u00ab&nbsp;anciens \u00bb et l\u2019importance du bien commun.<\/p>\n","protected":false},"excerpt":{"rendered":"<p>DRUET Jo\u00eblResponsable P\u00f4le technique du Conservatoire (Danse Musique Th\u00e9\u00e2tre) de Clermont Auvergne M\u00e9tropole.55 ans Mon attachement \u00e0 la commune Habitant d\u2019Aigueperse depuis toujours, je suis Aiguepersois presque de naissance et profond\u00e9ment attach\u00e9 \u00e0 ma commune, o\u00f9 je me suis toujours beaucoup investi. Pendant une vingtaine d\u2019ann\u00e9es, j\u2019ai particip\u00e9 activement \u00e0 la vie associative locale : [&hellip;]<\/p>\n","protected":false},"author":1,"featured_media":0,"parent":0,"menu_order":0,"comment_status":"closed","ping_status":"closed","template":"","meta":{"advanced_seo_description":"","jetpack_seo_html_title":"","jetpack_seo_noindex":false,"footnotes":""},"class_list":["post-161","page","type-page","status-publish","hentry"],"jetpack_sharing_enabled":true,"_links":{"self":[{"href":"https:\/\/aigueperse2026.fr\/index.php\/wp-json\/wp\/v2\/pages\/161","targetHints":{"allow":["GET"]}}],"collection":[{"href":"https:\/\/aigueperse2026.fr\/index.php\/wp-json\/wp\/v2\/pages"}],"about":[{"href":"https:\/\/aigueperse2026.fr\/index.php\/wp-json\/wp\/v2\/types\/page"}],"author":[{"embeddable":true,"href":"https:\/\/aigueperse2026.fr\/index.php\/wp-json\/wp\/v2\/users\/1"}],"replies":[{"embeddable":true,"href":"https:\/\/aigueperse2026.fr\/index.php\/wp-json\/wp\/v2\/comments?post=161"}],"version-history":[{"count":2,"href":"https:\/\/aigueperse2026.fr\/index.php\/wp-json\/wp\/v2\/pages\/161\/revisions"}],"predecessor-version":[{"id":195,"href":"https:\/\/aigueperse2026.fr\/index.php\/wp-json\/wp\/v2\/pages\/161\/revisions\/195"}],"wp:attachment":[{"href":"https:\/\/aigueperse2026.fr\/index.php\/wp-json\/wp\/v2\/media?parent=161"}],"curies":[{"name":"wp","href":"https:\/\/api.w.org\/{rel}","templated":true}]}}