{"id":159,"date":"2026-01-20T07:00:00","date_gmt":"2026-01-20T06:00:00","guid":{"rendered":"https:\/\/aigueperse2026.fr\/?page_id=159"},"modified":"2026-01-19T08:30:24","modified_gmt":"2026-01-19T07:30:24","slug":"nicolas-brun-2","status":"publish","type":"page","link":"https:\/\/aigueperse2026.fr\/index.php\/nicolas-brun-2\/","title":{"rendered":"Nicolas BRUN"},"content":{"rendered":"\n<div class=\"wp-block-media-text is-stacked-on-mobile\" style=\"grid-template-columns:15% auto\"><figure class=\"wp-block-media-text__media\"><img loading=\"lazy\" decoding=\"async\" width=\"768\" height=\"1024\" src=\"https:\/\/aigueperse2026.fr\/wp-content\/uploads\/2026\/01\/Nicolas-BRUN-768x1024.jpeg\" alt=\"\" class=\"wp-image-181 size-full\" srcset=\"https:\/\/aigueperse2026.fr\/wp-content\/uploads\/2026\/01\/Nicolas-BRUN-768x1024.jpeg 768w, https:\/\/aigueperse2026.fr\/wp-content\/uploads\/2026\/01\/Nicolas-BRUN-225x300.jpeg 225w, https:\/\/aigueperse2026.fr\/wp-content\/uploads\/2026\/01\/Nicolas-BRUN-1152x1536.jpeg 1152w, https:\/\/aigueperse2026.fr\/wp-content\/uploads\/2026\/01\/Nicolas-BRUN.jpeg 1536w\" sizes=\"auto, (max-width: 768px) 100vw, 768px\" \/><\/figure><div class=\"wp-block-media-text__content\">\n<p class=\"has-regular-font-size\"><strong>Nicolas BRUN <br><\/strong>Cadre commercial<br>50 ans<\/p>\n<\/div><\/div>\n\n\n\n<p><strong>Mon attachement \u00e0 la commune<\/strong><\/p>\n\n\n\n<p>Aiguepersois depuis 24 ans, je suis arriv\u00e9 ici pour des raisons professionnelles. Tr\u00e8s vite, je m\u2019y suis install\u00e9 durablement : je suis devenu propri\u00e9taire, nous y avons fond\u00e9 notre famille avec mon \u00e9pouse et nos deux gar\u00e7ons y ont grandi. Au fil des ann\u00e9es, j\u2019ai d\u00e9couvert la richesse de ses associations et l\u2019\u00e9nergie qui anime la commune, notamment \u00e0 travers l\u2019APEL de Saint-Louis. J\u2019aime cette ville o\u00f9 il fait bon vivre, mais je suis convaincu qu\u2019elle peut aller plus loin et porter davantage d\u2019ambition.<\/p>\n\n\n\n<p><strong>Pourquoi je m\u2019engage<\/strong><\/p>\n\n\n\n<p>Gr\u00e2ce \u00e0 ma formation et \u00e0 mon exp\u00e9rience professionnelle dans les m\u00e9tiers de l\u2019eau, je souhaite mettre mes comp\u00e9tences au service des enjeux environnementaux. J\u2019ai envie de contribuer \u00e0 la dynamique que Christophe souhaite impulser pour donner un nouvel \u00e9lan \u00e0 Aigueperse d\u00e8s 2026.<\/p>\n\n\n\n<p><strong>Mes sujets de pr\u00e9dilection&nbsp;<\/strong><\/p>\n\n\n\n<p>Je souhaite m\u2019investir pleinement sur les questions environnementales, en particulier la gestion durable de la ressource en eau, qui est au c\u0153ur de mon parcours professionnel. J\u2019aimerais \u00e9galement contribuer \u00e0 renforcer la solidarit\u00e9 au sein de la commune, et agir pour une ville plus propre, plus s\u00fbre et plus agr\u00e9able \u00e0 vivre au quotidien. Ce sont, pour moi, des priorit\u00e9s essentielles pour accompagner l\u2019\u00e9volution d\u2019Aigueperse et r\u00e9pondre aux attentes des habitants.<\/p>\n","protected":false},"excerpt":{"rendered":"<p>Nicolas BRUN Cadre commercial50 ans Mon attachement \u00e0 la commune Aiguepersois depuis 24 ans, je suis arriv\u00e9 ici pour des raisons professionnelles. Tr\u00e8s vite, je m\u2019y suis install\u00e9 durablement : je suis devenu propri\u00e9taire, nous y avons fond\u00e9 notre famille avec mon \u00e9pouse et nos deux gar\u00e7ons y ont grandi. Au fil des ann\u00e9es, j\u2019ai [&hellip;]<\/p>\n","protected":false},"author":1,"featured_media":0,"parent":0,"menu_order":0,"comment_status":"closed","ping_status":"closed","template":"","meta":{"advanced_seo_description":"","jetpack_seo_html_title":"","jetpack_seo_noindex":false,"footnotes":""},"class_list":["post-159","page","type-page","status-publish","hentry"],"jetpack_sharing_enabled":true,"_links":{"self":[{"href":"https:\/\/aigueperse2026.fr\/index.php\/wp-json\/wp\/v2\/pages\/159","targetHints":{"allow":["GET"]}}],"collection":[{"href":"https:\/\/aigueperse2026.fr\/index.php\/wp-json\/wp\/v2\/pages"}],"about":[{"href":"https:\/\/aigueperse2026.fr\/index.php\/wp-json\/wp\/v2\/types\/page"}],"author":[{"embeddable":true,"href":"https:\/\/aigueperse2026.fr\/index.php\/wp-json\/wp\/v2\/users\/1"}],"replies":[{"embeddable":true,"href":"https:\/\/aigueperse2026.fr\/index.php\/wp-json\/wp\/v2\/comments?post=159"}],"version-history":[{"count":2,"href":"https:\/\/aigueperse2026.fr\/index.php\/wp-json\/wp\/v2\/pages\/159\/revisions"}],"predecessor-version":[{"id":200,"href":"https:\/\/aigueperse2026.fr\/index.php\/wp-json\/wp\/v2\/pages\/159\/revisions\/200"}],"wp:attachment":[{"href":"https:\/\/aigueperse2026.fr\/index.php\/wp-json\/wp\/v2\/media?parent=159"}],"curies":[{"name":"wp","href":"https:\/\/api.w.org\/{rel}","templated":true}]}}