{"id":157,"date":"2026-02-01T07:00:00","date_gmt":"2026-02-01T06:00:00","guid":{"rendered":"https:\/\/aigueperse2026.fr\/?page_id=157"},"modified":"2026-01-31T21:01:09","modified_gmt":"2026-01-31T20:01:09","slug":"nadia-fernandes-2","status":"publish","type":"page","link":"https:\/\/aigueperse2026.fr\/index.php\/nadia-fernandes-2\/","title":{"rendered":"Nadia FERNANDES"},"content":{"rendered":"\n<div class=\"wp-block-media-text is-stacked-on-mobile\" style=\"grid-template-columns:15% auto\"><figure class=\"wp-block-media-text__media\"><img loading=\"lazy\" decoding=\"async\" width=\"714\" height=\"1024\" src=\"https:\/\/aigueperse2026.fr\/wp-content\/uploads\/2026\/01\/Nadia-FERNANDES-714x1024.jpg\" alt=\"\" class=\"wp-image-180 size-full\" srcset=\"https:\/\/aigueperse2026.fr\/wp-content\/uploads\/2026\/01\/Nadia-FERNANDES-714x1024.jpg 714w, https:\/\/aigueperse2026.fr\/wp-content\/uploads\/2026\/01\/Nadia-FERNANDES-209x300.jpg 209w, https:\/\/aigueperse2026.fr\/wp-content\/uploads\/2026\/01\/Nadia-FERNANDES-768x1101.jpg 768w, https:\/\/aigueperse2026.fr\/wp-content\/uploads\/2026\/01\/Nadia-FERNANDES-1071x1536.jpg 1071w, https:\/\/aigueperse2026.fr\/wp-content\/uploads\/2026\/01\/Nadia-FERNANDES-1428x2048.jpg 1428w, https:\/\/aigueperse2026.fr\/wp-content\/uploads\/2026\/01\/Nadia-FERNANDES-scaled.jpg 1785w\" sizes=\"auto, (max-width: 714px) 100vw, 714px\" \/><\/figure><div class=\"wp-block-media-text__content\">\n<p class=\"has-regular-font-size\"><strong>Nadia FERNANDES <br><\/strong>Educatrice sp\u00e9cialis\u00e9e<br>45 ans<\/p>\n<\/div><\/div>\n\n\n\n<p><strong>Mon attachement \u00e0 la commune<\/strong><\/p>\n\n\n\n<p>Je vis \u00e0 Aigueperse avec mon conjoint depuis quinze ans. C\u2019est une commune \u00e0 taille humaine, o\u00f9 la proximit\u00e9 des services et la qualit\u00e9 du cadre de vie cr\u00e9ent un environnement dans lequel nous nous sentons bien et o\u00f9 nos deux enfants grandissent sereinement. Au fil du temps, j\u2019y ai tiss\u00e9 de v\u00e9ritables liens d\u2019amiti\u00e9 et je m\u2019y suis pleinement int\u00e9gr\u00e9e, notamment gr\u00e2ce \u00e0 mon engagement de plusieurs ann\u00e9es au sein de l\u2019Association des parents d\u2019\u00e9l\u00e8ves. Je suis \u00e9galement licenci\u00e9e au FC Nord Limagne, ce qui renforce encore mon attachement \u00e0 la vie locale.<\/p>\n\n\n\n<p><strong>Pourquoi je m\u2019engage<\/strong><\/p>\n\n\n\n<p>Depuis mon plus jeune \u00e2ge, je me suis investie dans de nombreuses associations \u2014 comme b\u00e9n\u00e9vole et entra\u00eeneur dans deux clubs de football, ou encore comme tr\u00e9sori\u00e8re de l\u2019APE. La solidarit\u00e9 et l\u2019int\u00e9r\u00eat collectif ont toujours guid\u00e9 mon engagement. Aujourd\u2019hui, je souhaite mettre cette exp\u00e9rience au service d\u2019Aigueperse et contribuer, \u00e0 mon \u00e9chelle, \u00e0 am\u00e9liorer la qualit\u00e9 de vie de ses habitants.<\/p>\n\n\n\n<p><strong>Mes sujets de pr\u00e9dilection&nbsp;<\/strong><\/p>\n\n\n\n<p>Les questions li\u00e9es \u00e0 l\u2019enfance et \u00e0 la jeunesse, tout comme celles de la solidarit\u00e9 et de l\u2019environnement, sont pour moi des enjeux essentiels. Ce sont des domaines sur lesquels nous devons rester pleinement mobilis\u00e9s pour construire un avenir plus juste et plus durable.<\/p>\n","protected":false},"excerpt":{"rendered":"<p>Nadia FERNANDES Educatrice sp\u00e9cialis\u00e9e45 ans Mon attachement \u00e0 la commune Je vis \u00e0 Aigueperse avec mon conjoint depuis quinze ans. C\u2019est une commune \u00e0 taille humaine, o\u00f9 la proximit\u00e9 des services et la qualit\u00e9 du cadre de vie cr\u00e9ent un environnement dans lequel nous nous sentons bien et o\u00f9 nos deux enfants grandissent sereinement. Au [&hellip;]<\/p>\n","protected":false},"author":1,"featured_media":0,"parent":0,"menu_order":0,"comment_status":"closed","ping_status":"closed","template":"","meta":{"advanced_seo_description":"","jetpack_seo_html_title":"","jetpack_seo_noindex":false,"footnotes":""},"class_list":["post-157","page","type-page","status-publish","hentry"],"jetpack_sharing_enabled":true,"_links":{"self":[{"href":"https:\/\/aigueperse2026.fr\/index.php\/wp-json\/wp\/v2\/pages\/157","targetHints":{"allow":["GET"]}}],"collection":[{"href":"https:\/\/aigueperse2026.fr\/index.php\/wp-json\/wp\/v2\/pages"}],"about":[{"href":"https:\/\/aigueperse2026.fr\/index.php\/wp-json\/wp\/v2\/types\/page"}],"author":[{"embeddable":true,"href":"https:\/\/aigueperse2026.fr\/index.php\/wp-json\/wp\/v2\/users\/1"}],"replies":[{"embeddable":true,"href":"https:\/\/aigueperse2026.fr\/index.php\/wp-json\/wp\/v2\/comments?post=157"}],"version-history":[{"count":2,"href":"https:\/\/aigueperse2026.fr\/index.php\/wp-json\/wp\/v2\/pages\/157\/revisions"}],"predecessor-version":[{"id":199,"href":"https:\/\/aigueperse2026.fr\/index.php\/wp-json\/wp\/v2\/pages\/157\/revisions\/199"}],"wp:attachment":[{"href":"https:\/\/aigueperse2026.fr\/index.php\/wp-json\/wp\/v2\/media?parent=157"}],"curies":[{"name":"wp","href":"https:\/\/api.w.org\/{rel}","templated":true}]}}