{"id":155,"date":"2026-01-24T08:00:00","date_gmt":"2026-01-24T07:00:00","guid":{"rendered":"https:\/\/aigueperse2026.fr\/?page_id=155"},"modified":"2026-01-22T08:05:09","modified_gmt":"2026-01-22T07:05:09","slug":"fabien-brun-dutrieux","status":"publish","type":"page","link":"https:\/\/aigueperse2026.fr\/index.php\/fabien-brun-dutrieux\/","title":{"rendered":"Fabien BRUN &#8211; DUTRIEUX"},"content":{"rendered":"\n<div class=\"wp-block-media-text is-stacked-on-mobile\" style=\"grid-template-columns:15% auto\"><figure class=\"wp-block-media-text__media\"><img loading=\"lazy\" decoding=\"async\" width=\"768\" height=\"1024\" src=\"https:\/\/aigueperse2026.fr\/wp-content\/uploads\/2026\/01\/Fabien-BRUN-768x1024.jpeg\" alt=\"\" class=\"wp-image-190 size-full\" srcset=\"https:\/\/aigueperse2026.fr\/wp-content\/uploads\/2026\/01\/Fabien-BRUN-768x1024.jpeg 768w, https:\/\/aigueperse2026.fr\/wp-content\/uploads\/2026\/01\/Fabien-BRUN-225x300.jpeg 225w, https:\/\/aigueperse2026.fr\/wp-content\/uploads\/2026\/01\/Fabien-BRUN-1152x1536.jpeg 1152w, https:\/\/aigueperse2026.fr\/wp-content\/uploads\/2026\/01\/Fabien-BRUN.jpeg 1536w\" sizes=\"auto, (max-width: 768px) 100vw, 768px\" \/><\/figure><div class=\"wp-block-media-text__content\">\n<p class=\"has-regular-font-size\"><strong>Fabien BRUN &#8211; DUTRIEUX<\/strong><br>Responsable Enfance Jeunesse<br>52 ans<\/p>\n<\/div><\/div>\n\n\n\n<p><strong>Mon attachement \u00e0 la commune<\/strong><\/p>\n\n\n\n<p>J\u2019ai choisi de m\u2019installer \u00e0 Aigueperse il y a quelques ann\u00e9es. J\u2019appr\u00e9cie cette ville pour sa position centrale au nord du d\u00e9partement, sa taille humaine et la proximit\u00e9 des services. J\u2019ai toujours travaill\u00e9 dans les communes autour d\u2019Aigueperse, au service de l\u2019enfance et de la jeunesse, notamment comme animateur et directeur en accueil de loisirs. Profond\u00e9ment attach\u00e9 aux valeurs du service public, je m\u2019investis depuis longtemps dans la vie associative&nbsp;: amicale la\u00efque, accompagnement des jeunes en formation professionnelle avec la F\u00e9d\u00e9ration des Associations La\u00efques, aide aux manifestations d\u2019associations de parents d\u2019\u00e9l\u00e8ves.<\/p>\n\n\n\n<p><strong>Pourquoi je m\u2019engage<\/strong><\/p>\n\n\n\n<p>Je souhaite m\u2019engager pour Aigueperse afin de pr\u00e9parer la commune aux d\u00e9fis \u00e0 venir, de construire une vision \u00e0 long terme et de mettre mes comp\u00e9tences et mon exp\u00e9rience au service du collectif. Mon ambition est d\u2019am\u00e9liorer le quotidien des habitants et de m\u2019investir pleinement pour les jeunes, citoyens de demain.<\/p>\n\n\n\n<p><strong>Mes sujets de pr\u00e9dilection&nbsp;<\/strong><\/p>\n\n\n\n<p>Je suis particuli\u00e8rement attentif aux enjeux li\u00e9s au secteur de l\u2019enfance jeunesse, \u00e0 l\u2019action sociale et \u00e0 l\u2019\u00e9ducation \u00e0 la citoyennet\u00e9. J\u2019ai \u00e0 c\u0153ur d\u2019accompagner les enfants et les jeunes dans leurs parcours, de soutenir et d\u2019accompagner les familles et de renforcer les solidarit\u00e9s qui font vivre notre commune.<\/p>\n","protected":false},"excerpt":{"rendered":"<p>Fabien BRUN &#8211; DUTRIEUXResponsable Enfance Jeunesse52 ans Mon attachement \u00e0 la commune J\u2019ai choisi de m\u2019installer \u00e0 Aigueperse il y a quelques ann\u00e9es. J\u2019appr\u00e9cie cette ville pour sa position centrale au nord du d\u00e9partement, sa taille humaine et la proximit\u00e9 des services. J\u2019ai toujours travaill\u00e9 dans les communes autour d\u2019Aigueperse, au service de l\u2019enfance et [&hellip;]<\/p>\n","protected":false},"author":1,"featured_media":0,"parent":0,"menu_order":0,"comment_status":"closed","ping_status":"closed","template":"","meta":{"advanced_seo_description":"","jetpack_seo_html_title":"","jetpack_seo_noindex":false,"footnotes":""},"class_list":["post-155","page","type-page","status-publish","hentry"],"jetpack_sharing_enabled":true,"_links":{"self":[{"href":"https:\/\/aigueperse2026.fr\/index.php\/wp-json\/wp\/v2\/pages\/155","targetHints":{"allow":["GET"]}}],"collection":[{"href":"https:\/\/aigueperse2026.fr\/index.php\/wp-json\/wp\/v2\/pages"}],"about":[{"href":"https:\/\/aigueperse2026.fr\/index.php\/wp-json\/wp\/v2\/types\/page"}],"author":[{"embeddable":true,"href":"https:\/\/aigueperse2026.fr\/index.php\/wp-json\/wp\/v2\/users\/1"}],"replies":[{"embeddable":true,"href":"https:\/\/aigueperse2026.fr\/index.php\/wp-json\/wp\/v2\/comments?post=155"}],"version-history":[{"count":2,"href":"https:\/\/aigueperse2026.fr\/index.php\/wp-json\/wp\/v2\/pages\/155\/revisions"}],"predecessor-version":[{"id":245,"href":"https:\/\/aigueperse2026.fr\/index.php\/wp-json\/wp\/v2\/pages\/155\/revisions\/245"}],"wp:attachment":[{"href":"https:\/\/aigueperse2026.fr\/index.php\/wp-json\/wp\/v2\/media?parent=155"}],"curies":[{"name":"wp","href":"https:\/\/api.w.org\/{rel}","templated":true}]}}