{"id":153,"date":"2026-02-06T07:00:00","date_gmt":"2026-02-06T06:00:00","guid":{"rendered":"https:\/\/aigueperse2026.fr\/?page_id=153"},"modified":"2026-02-05T14:48:48","modified_gmt":"2026-02-05T13:48:48","slug":"guy-lery-2","status":"publish","type":"page","link":"https:\/\/aigueperse2026.fr\/index.php\/guy-lery-2\/","title":{"rendered":"Guy LERY"},"content":{"rendered":"\n<div class=\"wp-block-media-text is-stacked-on-mobile\" style=\"grid-template-columns:15% auto\"><figure class=\"wp-block-media-text__media\"><img loading=\"lazy\" decoding=\"async\" width=\"768\" height=\"1024\" src=\"https:\/\/aigueperse2026.fr\/wp-content\/uploads\/2026\/01\/Guy-LERY-768x1024.jpeg\" alt=\"\" class=\"wp-image-191 size-full\" srcset=\"https:\/\/aigueperse2026.fr\/wp-content\/uploads\/2026\/01\/Guy-LERY-768x1024.jpeg 768w, https:\/\/aigueperse2026.fr\/wp-content\/uploads\/2026\/01\/Guy-LERY-225x300.jpeg 225w, https:\/\/aigueperse2026.fr\/wp-content\/uploads\/2026\/01\/Guy-LERY-1152x1536.jpeg 1152w, https:\/\/aigueperse2026.fr\/wp-content\/uploads\/2026\/01\/Guy-LERY-1536x2048.jpeg 1536w, https:\/\/aigueperse2026.fr\/wp-content\/uploads\/2026\/01\/Guy-LERY-scaled.jpeg 1920w\" sizes=\"auto, (max-width: 768px) 100vw, 768px\" \/><\/figure><div class=\"wp-block-media-text__content\">\n<p class=\"has-regular-font-size\"><strong>Guy LERY<\/strong><br>Retrait\u00e9 chef d\u2019entreprise<br>68 ans<\/p>\n<\/div><\/div>\n\n\n\n<p><strong>Mon attachement \u00e0 la commune<\/strong><\/p>\n\n\n\n<p>J\u2019habite \u00e0 Chazelles, sur la commune d\u2019Aigueperse, depuis 25 ans, apr\u00e8s avoir v\u00e9cu \u00e0 Cellule o\u00f9 j\u2019ai exerc\u00e9 la fonction d\u2019adjoint au maire. Tr\u00e8s attach\u00e9 \u00e0 la Limagne, j\u2019aime la faire d\u00e9couvrir aux visiteurs que j\u2019accueille aujourd\u2019hui dans mon g\u00eete touristique. Maintenant \u00e0 la retraite, apr\u00e8s une carri\u00e8re de responsable r\u00e9gional en travaux, maintenance et s\u00e9curit\u00e9 pour des EHPAD et des cliniques, j\u2019ai envie de mettre mon temps et mon savoir-faire au service de la commune et de ses habitants.&nbsp;<\/p>\n\n\n\n<p><strong>Pourquoi je m\u2019engage<\/strong><\/p>\n\n\n\n<p>Je m\u2019engage parce que j\u2019ai envie d\u2019\u00eatre utile et de mettre \u00e0 profit ma disponibilit\u00e9 ainsi que l\u2019exp\u00e9rience que j\u2019ai acquise. Rejoindre une \u00e9quipe dont je partage les valeurs et l\u2019envie de dynamiser la vie locale est pour moi une \u00e9vidence.&nbsp;<\/p>\n\n\n\n<p><strong>Mes sujets de pr\u00e9dilection <\/strong><\/p>\n\n\n\n<p>Le cadre de vie, l\u2019entretien et les travaux sont des domaines qui me motivent. Notre commune poss\u00e8de une histoire riche et un patrimoine remarquable \u00e0 pr\u00e9server et \u00e0 mettre en valeur.<\/p>\n\n\n\n<p>Je veux contribuer \u00e0 une ville propre, agr\u00e9able, fleurie et accueillante, o\u00f9 chacun \u2014 habitants comme visiteurs \u2014 peut profiter d\u2019un environnement soign\u00e9, harmonieux et vivant.<\/p>\n","protected":false},"excerpt":{"rendered":"<p>Guy LERYRetrait\u00e9 chef d\u2019entreprise68 ans Mon attachement \u00e0 la commune J\u2019habite \u00e0 Chazelles, sur la commune d\u2019Aigueperse, depuis 25 ans, apr\u00e8s avoir v\u00e9cu \u00e0 Cellule o\u00f9 j\u2019ai exerc\u00e9 la fonction d\u2019adjoint au maire. Tr\u00e8s attach\u00e9 \u00e0 la Limagne, j\u2019aime la faire d\u00e9couvrir aux visiteurs que j\u2019accueille aujourd\u2019hui dans mon g\u00eete touristique. Maintenant \u00e0 la retraite, [&hellip;]<\/p>\n","protected":false},"author":1,"featured_media":0,"parent":0,"menu_order":0,"comment_status":"closed","ping_status":"closed","template":"","meta":{"advanced_seo_description":"","jetpack_seo_html_title":"","jetpack_seo_noindex":false,"footnotes":""},"class_list":["post-153","page","type-page","status-publish","hentry"],"jetpack_sharing_enabled":true,"_links":{"self":[{"href":"https:\/\/aigueperse2026.fr\/index.php\/wp-json\/wp\/v2\/pages\/153","targetHints":{"allow":["GET"]}}],"collection":[{"href":"https:\/\/aigueperse2026.fr\/index.php\/wp-json\/wp\/v2\/pages"}],"about":[{"href":"https:\/\/aigueperse2026.fr\/index.php\/wp-json\/wp\/v2\/types\/page"}],"author":[{"embeddable":true,"href":"https:\/\/aigueperse2026.fr\/index.php\/wp-json\/wp\/v2\/users\/1"}],"replies":[{"embeddable":true,"href":"https:\/\/aigueperse2026.fr\/index.php\/wp-json\/wp\/v2\/comments?post=153"}],"version-history":[{"count":2,"href":"https:\/\/aigueperse2026.fr\/index.php\/wp-json\/wp\/v2\/pages\/153\/revisions"}],"predecessor-version":[{"id":197,"href":"https:\/\/aigueperse2026.fr\/index.php\/wp-json\/wp\/v2\/pages\/153\/revisions\/197"}],"wp:attachment":[{"href":"https:\/\/aigueperse2026.fr\/index.php\/wp-json\/wp\/v2\/media?parent=153"}],"curies":[{"name":"wp","href":"https:\/\/api.w.org\/{rel}","templated":true}]}}