{"id":147,"date":"2026-01-16T07:00:00","date_gmt":"2026-01-16T06:00:00","guid":{"rendered":"https:\/\/aigueperse2026.fr\/?page_id=147"},"modified":"2026-01-14T09:02:28","modified_gmt":"2026-01-14T08:02:28","slug":"eric-bovics-2","status":"publish","type":"page","link":"https:\/\/aigueperse2026.fr\/index.php\/eric-bovics-2\/","title":{"rendered":"ERIC BOVICS"},"content":{"rendered":"\n<div class=\"wp-block-media-text is-stacked-on-mobile\" style=\"grid-template-columns:15% auto\"><figure class=\"wp-block-media-text__media\"><img loading=\"lazy\" decoding=\"async\" width=\"819\" height=\"1024\" src=\"https:\/\/aigueperse2026.fr\/wp-content\/uploads\/2026\/01\/Eric-BOVICS-819x1024.jpeg\" alt=\"\" class=\"wp-image-150 size-full\" srcset=\"https:\/\/aigueperse2026.fr\/wp-content\/uploads\/2026\/01\/Eric-BOVICS-819x1024.jpeg 819w, https:\/\/aigueperse2026.fr\/wp-content\/uploads\/2026\/01\/Eric-BOVICS-240x300.jpeg 240w, https:\/\/aigueperse2026.fr\/wp-content\/uploads\/2026\/01\/Eric-BOVICS-768x960.jpeg 768w, https:\/\/aigueperse2026.fr\/wp-content\/uploads\/2026\/01\/Eric-BOVICS-1229x1536.jpeg 1229w, https:\/\/aigueperse2026.fr\/wp-content\/uploads\/2026\/01\/Eric-BOVICS.jpeg 1536w\" sizes=\"auto, (max-width: 819px) 100vw, 819px\" \/><\/figure><div class=\"wp-block-media-text__content\">\n<p class=\"has-regular-font-size\"><strong>Eric Bovics <br><\/strong>Informaticien<br>42 ans<\/p>\n<\/div><\/div>\n\n\n\n<p><strong>Mon attachement \u00e0 la commune<\/strong><\/p>\n\n\n\n<p>Je vis sur la commune depuis plus de dix-huit ans. C\u2019est ici que j\u2019ai construit l\u2019essentiel de ma vie personnelle et familiale.<br>Pendant six ans, mon engagement en tant que pr\u00e9sident de l\u2019APEL Saint-Louis m\u2019a permis de participer activement \u00e0 la vie locale et de tisser des liens solides avec de nombreux habitants. <br>Cette exp\u00e9rience a profond\u00e9ment renforc\u00e9 mon attachement \u00e0 la commune et nourri mon envie d\u2019agir pour elle.<\/p>\n\n\n\n<p><strong>Pourquoi je m\u2019engage<\/strong><\/p>\n\n\n\n<p>Je m\u2019engage parce que je crois \u00e0 l\u2019action locale et \u00e0 l\u2019utilit\u00e9 de l\u2019engagement de proximit\u00e9. <br><br>Apr\u00e8s plusieurs ann\u00e9es d\u2019investissement associatif, je souhaite aujourd\u2019hui mettre mon \u00e9nergie et mon exp\u00e9rience au service de l\u2019int\u00e9r\u00eat g\u00e9n\u00e9ral. Mon m\u00e9tier m\u2019a appris \u00e0 analyser, anticiper et trouver des solutions concr\u00e8tes aux besoins du quotidien. <br><br>Ces comp\u00e9tences, je souhaite les mettre au service de la commune. Je veux participer activement aux d\u00e9cisions qui concernent le quotidien des habitants et contribuer, \u00e0 mon niveau, \u00e0 l\u2019avenir de la commune et de ses habitants.<\/p>\n\n\n\n<p><strong>Mes sujets de pr\u00e9dilection&nbsp;<\/strong><\/p>\n\n\n\n<p>Les sujets qui me tiennent particuli\u00e8rement \u00e0 c\u0153ur sont la jeunesse, l\u2019environnement, les nouvelles technologies, ainsi que les travaux et la voirie. <br>Je suis convaincu que l\u2019innovation peut am\u00e9liorer la vie locale, que la transition \u00e9cologique doit se construire avec les habitants, et que l\u2019entretien de nos infrastructures est essentiel pour le bien-\u00eatre de tous. <br><br>Mon objectif est d\u2019apporter un regard pragmatique, moderne et utile pour accompagner l\u2019avenir de notre commune.<\/p>\n","protected":false},"excerpt":{"rendered":"<p>Eric Bovics Informaticien42 ans Mon attachement \u00e0 la commune Je vis sur la commune depuis plus de dix-huit ans. C\u2019est ici que j\u2019ai construit l\u2019essentiel de ma vie personnelle et familiale.Pendant six ans, mon engagement en tant que pr\u00e9sident de l\u2019APEL Saint-Louis m\u2019a permis de participer activement \u00e0 la vie locale et de tisser des [&hellip;]<\/p>\n","protected":false},"author":1,"featured_media":0,"parent":0,"menu_order":0,"comment_status":"closed","ping_status":"closed","template":"","meta":{"advanced_seo_description":"","jetpack_seo_html_title":"","jetpack_seo_noindex":false,"footnotes":""},"class_list":["post-147","page","type-page","status-publish","hentry"],"jetpack_sharing_enabled":true,"_links":{"self":[{"href":"https:\/\/aigueperse2026.fr\/index.php\/wp-json\/wp\/v2\/pages\/147","targetHints":{"allow":["GET"]}}],"collection":[{"href":"https:\/\/aigueperse2026.fr\/index.php\/wp-json\/wp\/v2\/pages"}],"about":[{"href":"https:\/\/aigueperse2026.fr\/index.php\/wp-json\/wp\/v2\/types\/page"}],"author":[{"embeddable":true,"href":"https:\/\/aigueperse2026.fr\/index.php\/wp-json\/wp\/v2\/users\/1"}],"replies":[{"embeddable":true,"href":"https:\/\/aigueperse2026.fr\/index.php\/wp-json\/wp\/v2\/comments?post=147"}],"version-history":[{"count":5,"href":"https:\/\/aigueperse2026.fr\/index.php\/wp-json\/wp\/v2\/pages\/147\/revisions"}],"predecessor-version":[{"id":258,"href":"https:\/\/aigueperse2026.fr\/index.php\/wp-json\/wp\/v2\/pages\/147\/revisions\/258"}],"wp:attachment":[{"href":"https:\/\/aigueperse2026.fr\/index.php\/wp-json\/wp\/v2\/media?parent=147"}],"curies":[{"name":"wp","href":"https:\/\/api.w.org\/{rel}","templated":true}]}}